{"id":91,"date":"2021-04-02T09:10:31","date_gmt":"2021-04-02T06:10:31","guid":{"rendered":"https:\/\/olitaorany.lt\/krautuve\/?post_type=product&#038;p=91"},"modified":"2021-04-07T11:20:00","modified_gmt":"2021-04-07T08:20:00","slug":"paramos-bilietas","status":"publish","type":"product","link":"https:\/\/olitaorany.lt\/krautuve\/preke\/paramos-bilietas\/","title":{"rendered":"Paramos \u201eOlita-Orany\u201c bilietas"},"content":{"rendered":"<p>Asociacija \u201eOlita-Orany\u201c yra ne pelno siekianti organizacija, vedanti pa\u017eintinius \u017eygius, vykdanti kit\u0105 kult\u016brin\u0119 pa\u017eintin\u0119 veikl\u0105. J\u016bs\u0173 parama asociacijai yra labai svarbi, kaip svarbus J\u016bs\u0173 ir J\u016bs\u0173 draug\u0173 dalyvavimas \u017eygiuose ateityje.<br \/>\nSusitikime \u017eygiuose!<\/p>\n","protected":false},"excerpt":{"rendered":"<p>Galite paremti asociacijos veikl\u0105 nusipirkdami pasirinktos vert\u0117s paramos biliet\u0105 (ar kelet\u0105).<\/p>\n","protected":false},"featured_media":92,"template":"","meta":{"site-sidebar-layout":"default","site-content-layout":"default","ast-site-content-layout":"","site-content-style":"default","site-sidebar-style":"default","ast-global-header-display":"","ast-banner-title-visibility":"","ast-main-header-display":"","ast-hfb-above-header-display":"","ast-hfb-below-header-display":"","ast-hfb-mobile-header-display":"","site-post-title":"","ast-breadcrumbs-content":"","ast-featured-img":"","footer-sml-layout":"","theme-transparent-header-meta":"default","adv-header-id-meta":"","stick-header-meta":"","header-above-stick-meta":"","header-main-stick-meta":"","header-below-stick-meta":"","astra-migrate-meta-layouts":"default","ast-page-background-enabled":"default","ast-page-background-meta":{"desktop":{"background-color":"var(--ast-global-color-4)","background-image":"","background-repeat":"repeat","background-position":"center center","background-size":"auto","background-attachment":"scroll","background-type":"","background-media":"","overlay-type":"","overlay-color":"","overlay-opacity":"","overlay-gradient":""},"tablet":{"background-color":"","background-image":"","background-repeat":"repeat","background-position":"center center","background-size":"auto","background-attachment":"scroll","background-type":"","background-media":"","overlay-type":"","overlay-color":"","overlay-opacity":"","overlay-gradient":""},"mobile":{"background-color":"","background-image":"","background-repeat":"repeat","background-position":"center center","background-size":"auto","background-attachment":"scroll","background-type":"","background-media":"","overlay-type":"","overlay-color":"","overlay-opacity":"","overlay-gradient":""}},"ast-content-background-meta":{"desktop":{"background-color":"var(--ast-global-color-5)","background-image":"","background-repeat":"repeat","background-position":"center center","background-size":"auto","background-attachment":"scroll","background-type":"","background-media":"","overlay-type":"","overlay-color":"","overlay-opacity":"","overlay-gradient":""},"tablet":{"background-color":"var(--ast-global-color-5)","background-image":"","background-repeat":"repeat","background-position":"center center","background-size":"auto","background-attachment":"scroll","background-type":"","background-media":"","overlay-type":"","overlay-color":"","overlay-opacity":"","overlay-gradient":""},"mobile":{"background-color":"var(--ast-global-color-5)","background-image":"","background-repeat":"repeat","background-position":"center center","background-size":"auto","background-attachment":"scroll","background-type":"","background-media":"","overlay-type":"","overlay-color":"","overlay-opacity":"","overlay-gradient":""}}},"product_brand":[],"product_cat":[15],"product_tag":[29,28],"class_list":{"0":"post-91","1":"product","2":"type-product","3":"status-publish","4":"has-post-thumbnail","6":"product_cat-kita","7":"product_tag-bilietas","8":"product_tag-parama","9":"desktop-align-left","10":"tablet-align-left","11":"mobile-align-left","13":"first","14":"instock","15":"shipping-taxable","16":"purchasable","17":"product-type-variable"},"_links":{"self":[{"href":"https:\/\/olitaorany.lt\/krautuve\/wp-json\/wp\/v2\/product\/91","targetHints":{"allow":["GET"]}}],"collection":[{"href":"https:\/\/olitaorany.lt\/krautuve\/wp-json\/wp\/v2\/product"}],"about":[{"href":"https:\/\/olitaorany.lt\/krautuve\/wp-json\/wp\/v2\/types\/product"}],"wp:featuredmedia":[{"embeddable":true,"href":"https:\/\/olitaorany.lt\/krautuve\/wp-json\/wp\/v2\/media\/92"}],"wp:attachment":[{"href":"https:\/\/olitaorany.lt\/krautuve\/wp-json\/wp\/v2\/media?parent=91"}],"wp:term":[{"taxonomy":"product_brand","embeddable":true,"href":"https:\/\/olitaorany.lt\/krautuve\/wp-json\/wp\/v2\/product_brand?post=91"},{"taxonomy":"product_cat","embeddable":true,"href":"https:\/\/olitaorany.lt\/krautuve\/wp-json\/wp\/v2\/product_cat?post=91"},{"taxonomy":"product_tag","embeddable":true,"href":"https:\/\/olitaorany.lt\/krautuve\/wp-json\/wp\/v2\/product_tag?post=91"}],"curies":[{"name":"wp","href":"https:\/\/api.w.org\/{rel}","templated":true}]}}