{"id":76,"date":"2021-04-02T08:55:10","date_gmt":"2021-04-02T05:55:10","guid":{"rendered":"https:\/\/olitaorany.lt\/krautuve\/?post_type=product&#038;p=76"},"modified":"2021-05-06T15:46:38","modified_gmt":"2021-05-06T12:46:38","slug":"atvirlaiskiu-rinkinys-2016","status":"publish","type":"product","link":"https:\/\/olitaorany.lt\/krautuve\/preke\/atvirlaiskiu-rinkinys-2016\/","title":{"rendered":"Atvirlai\u0161ki\u0173 rinkinys \u201eTiltas sujung\u0119s tris \u0161imtme\u010dius\u201c"},"content":{"rendered":"<p>Antras papildytas atvirlai\u0161ki\u0173 rinkinio leidimas &#8211; vertinga dovana besidomintiems istorija ir in\u017eineriniu paveldu. 18 nespalvot\u0173 archyvini\u0173 XIX am\u017eiaus <strong><a href=\"\/..\/olita_tiltas.htm\">gele\u017einkelio tilto<\/a><\/strong> ir 18 spalvot\u0173 naujo Alytaus p\u0117s\u010di\u0173j\u0173 ir <a href=\"\/..\/naujas_tiltas\/statyba_2015B.htm\"><strong>dvira\u010di\u0173 tilto<\/strong><\/a> per Nemun\u0105 statybos akimirk\u0173. Kiekvieno antrosios laidos atvirlai\u0161kio averse yra \u201eslaptas\u201c u\u017era\u0161as ALYTUS. Atvirukai sud\u0117ti originaliame dviej\u0173 skyri\u0173 rank\u0173 darbo d\u0117kle, ant kurio lietuvi\u0173 ir angl\u0173 kalbomis pateikta trumpa \u010dia stov\u0117jusi\u0173 tilt\u0173 istorija. Atvilai\u0161kiai sunumeruoti chronologine tvarka, o j\u0173 apra\u0161ai lietuvi\u0173 ir angl\u0173 kalbomis leid\u017eia orientuotis senojo ir naujojo tilt\u0173 statyb\u0173 eigoje, palyginti skirting\u0173 am\u017ei\u0173 technologijas.<\/p>\n","protected":false},"excerpt":{"rendered":"<p>Atviruk\u0173 rinkinio antroji laida, papildyta pastatyt\u0173 tilt\u0173 nuotraukomis. Rinkinyje 36 atvirukai be pa\u0161to \u017eenkl\u0173.<\/p>\n","protected":false},"featured_media":77,"template":"","meta":{"site-sidebar-layout":"default","site-content-layout":"default","ast-site-content-layout":"","site-content-style":"default","site-sidebar-style":"default","ast-global-header-display":"","ast-banner-title-visibility":"","ast-main-header-display":"","ast-hfb-above-header-display":"","ast-hfb-below-header-display":"","ast-hfb-mobile-header-display":"","site-post-title":"","ast-breadcrumbs-content":"","ast-featured-img":"","footer-sml-layout":"","theme-transparent-header-meta":"default","adv-header-id-meta":"","stick-header-meta":"","header-above-stick-meta":"","header-main-stick-meta":"","header-below-stick-meta":"","astra-migrate-meta-layouts":"default","ast-page-background-enabled":"default","ast-page-background-meta":{"desktop":{"background-color":"var(--ast-global-color-4)","background-image":"","background-repeat":"repeat","background-position":"center center","background-size":"auto","background-attachment":"scroll","background-type":"","background-media":"","overlay-type":"","overlay-color":"","overlay-opacity":"","overlay-gradient":""},"tablet":{"background-color":"","background-image":"","background-repeat":"repeat","background-position":"center center","background-size":"auto","background-attachment":"scroll","background-type":"","background-media":"","overlay-type":"","overlay-color":"","overlay-opacity":"","overlay-gradient":""},"mobile":{"background-color":"","background-image":"","background-repeat":"repeat","background-position":"center center","background-size":"auto","background-attachment":"scroll","background-type":"","background-media":"","overlay-type":"","overlay-color":"","overlay-opacity":"","overlay-gradient":""}},"ast-content-background-meta":{"desktop":{"background-color":"var(--ast-global-color-5)","background-image":"","background-repeat":"repeat","background-position":"center center","background-size":"auto","background-attachment":"scroll","background-type":"","background-media":"","overlay-type":"","overlay-color":"","overlay-opacity":"","overlay-gradient":""},"tablet":{"background-color":"var(--ast-global-color-5)","background-image":"","background-repeat":"repeat","background-position":"center center","background-size":"auto","background-attachment":"scroll","background-type":"","background-media":"","overlay-type":"","overlay-color":"","overlay-opacity":"","overlay-gradient":""},"mobile":{"background-color":"var(--ast-global-color-5)","background-image":"","background-repeat":"repeat","background-position":"center center","background-size":"auto","background-attachment":"scroll","background-type":"","background-media":"","overlay-type":"","overlay-color":"","overlay-opacity":"","overlay-gradient":""}}},"product_brand":[],"product_cat":[20],"product_tag":[24,25,26],"class_list":{"0":"post-76","1":"product","2":"type-product","3":"status-publish","4":"has-post-thumbnail","6":"product_cat-leidiniai","7":"product_tag-atvirukai","8":"product_tag-rinkinys","9":"product_tag-tiltas","10":"desktop-align-left","11":"tablet-align-left","12":"mobile-align-left","14":"first","15":"instock","16":"shipping-taxable","17":"purchasable","18":"product-type-simple"},"_links":{"self":[{"href":"https:\/\/olitaorany.lt\/krautuve\/wp-json\/wp\/v2\/product\/76","targetHints":{"allow":["GET"]}}],"collection":[{"href":"https:\/\/olitaorany.lt\/krautuve\/wp-json\/wp\/v2\/product"}],"about":[{"href":"https:\/\/olitaorany.lt\/krautuve\/wp-json\/wp\/v2\/types\/product"}],"wp:featuredmedia":[{"embeddable":true,"href":"https:\/\/olitaorany.lt\/krautuve\/wp-json\/wp\/v2\/media\/77"}],"wp:attachment":[{"href":"https:\/\/olitaorany.lt\/krautuve\/wp-json\/wp\/v2\/media?parent=76"}],"wp:term":[{"taxonomy":"product_brand","embeddable":true,"href":"https:\/\/olitaorany.lt\/krautuve\/wp-json\/wp\/v2\/product_brand?post=76"},{"taxonomy":"product_cat","embeddable":true,"href":"https:\/\/olitaorany.lt\/krautuve\/wp-json\/wp\/v2\/product_cat?post=76"},{"taxonomy":"product_tag","embeddable":true,"href":"https:\/\/olitaorany.lt\/krautuve\/wp-json\/wp\/v2\/product_tag?post=76"}],"curies":[{"name":"wp","href":"https:\/\/api.w.org\/{rel}","templated":true}]}}