{"id":548,"date":"2021-07-20T12:56:43","date_gmt":"2021-07-20T09:56:43","guid":{"rendered":"https:\/\/olitaorany.lt\/krautuve\/?post_type=product&#038;p=548"},"modified":"2024-04-08T20:04:20","modified_gmt":"2024-04-08T17:04:20","slug":"dviraciu-traukinys","status":"publish","type":"product","link":"https:\/\/olitaorany.lt\/krautuve\/preke\/dviraciu-traukinys\/","title":{"rendered":"\u017dygis &#8222;Dvira\u010di\u0173 traukinys&#8221;"},"content":{"rendered":"<p>Pa\u017eintinio dvira\u010di\u0173 \u017eygio metu va\u017eiuosime buvusio XIX a. karinio U\u017enemun\u0117s gele\u017einkelio v\u0117\u017ee.<\/p>\n<p>Kod\u0117l sugalvojome va\u017eiuoti dvira\u010diais i\u0161 Alytaus \u012f Var\u0117n\u0105 buvusiu gele\u017einkeliu? Mums patinka dalintis istorijomis apie istorij\u0105, kuri\u0105 galime patirti gyvai. Jums patogiu laiku kvie\u010diame i\u0161bandyti specialius \u201eDvira\u010di\u0173 traukinio\u201c reisus i\u0161 Alytaus \u012f Var\u0117n\u0105 (arba atvirk\u0161\u010diai).<\/p>\n<p>\u017dygio metu pamatysite ir i\u0161girsite apie \u012fsp\u016bdingiaus gele\u017einkelio atkarpos tarp Alytaus ir Var\u0117nos statinius: auk\u0161\u010diausio Lietuvoje dvira\u010di\u0173 tilto vietoje stov\u0117jusius <a href=\"https:\/\/olitaorany.lt\/olita_tiltas.htm\">&#8222;pirmtakus&#8221;<\/a>, pereisime 70 m ilgio <a href=\"\/..\/moterties_pralaida.htm\"><strong>tuneliu<\/strong><\/a> Moterties upelio raguvoje, pamatysime dar nesunykusius <a href=\"https:\/\/olitaorany.lt\/plento_tiltas.htm\">viadukus<\/a> ir tilt\u0173 atramas, su\u017einosite kuo \u017eymusis pranc\u016bzas G. Eiffel&#8217;is prisid\u0117jo prie \u0161io gele\u017einkelio. \u017dygis iliustruojamas istoriniais bre\u017einiais, \u017eem\u0117lapiais ir fotografijomis.<\/p>\n<p>Tinkamas \u017emon\u0117ms su viduti\u0161ku fiziniu pasirengimu.<\/p>\n","protected":false},"excerpt":{"rendered":"<p>Dienos \u017eygis buvusios gele\u017einkelio v\u0117\u017ee dviratinink\u0173 grupei (iki 20 \u017em.) su \u017eygio vadovu. Pageidaujama \u017eygio diena ir va\u017eiavimo kryptis derinami. Susisiekime.<b><strong><br \/>\nKaina visai grupei. <\/strong><\/b><\/p>\n","protected":false},"featured_media":553,"template":"","meta":{"site-sidebar-layout":"default","site-content-layout":"default","ast-site-content-layout":"","site-content-style":"default","site-sidebar-style":"default","ast-global-header-display":"","ast-banner-title-visibility":"","ast-main-header-display":"","ast-hfb-above-header-display":"","ast-hfb-below-header-display":"","ast-hfb-mobile-header-display":"","site-post-title":"","ast-breadcrumbs-content":"","ast-featured-img":"","footer-sml-layout":"","theme-transparent-header-meta":"default","adv-header-id-meta":"","stick-header-meta":"","header-above-stick-meta":"","header-main-stick-meta":"","header-below-stick-meta":"","astra-migrate-meta-layouts":"default","ast-page-background-enabled":"default","ast-page-background-meta":{"desktop":{"background-color":"var(--ast-global-color-4)","background-image":"","background-repeat":"repeat","background-position":"center center","background-size":"auto","background-attachment":"scroll","background-type":"","background-media":"","overlay-type":"","overlay-color":"","overlay-opacity":"","overlay-gradient":""},"tablet":{"background-color":"","background-image":"","background-repeat":"repeat","background-position":"center center","background-size":"auto","background-attachment":"scroll","background-type":"","background-media":"","overlay-type":"","overlay-color":"","overlay-opacity":"","overlay-gradient":""},"mobile":{"background-color":"","background-image":"","background-repeat":"repeat","background-position":"center center","background-size":"auto","background-attachment":"scroll","background-type":"","background-media":"","overlay-type":"","overlay-color":"","overlay-opacity":"","overlay-gradient":""}},"ast-content-background-meta":{"desktop":{"background-color":"var(--ast-global-color-5)","background-image":"","background-repeat":"repeat","background-position":"center center","background-size":"auto","background-attachment":"scroll","background-type":"","background-media":"","overlay-type":"","overlay-color":"","overlay-opacity":"","overlay-gradient":""},"tablet":{"background-color":"var(--ast-global-color-5)","background-image":"","background-repeat":"repeat","background-position":"center center","background-size":"auto","background-attachment":"scroll","background-type":"","background-media":"","overlay-type":"","overlay-color":"","overlay-opacity":"","overlay-gradient":""},"mobile":{"background-color":"var(--ast-global-color-5)","background-image":"","background-repeat":"repeat","background-position":"center center","background-size":"auto","background-attachment":"scroll","background-type":"","background-media":"","overlay-type":"","overlay-color":"","overlay-opacity":"","overlay-gradient":""}}},"product_brand":[],"product_cat":[23],"product_tag":[29,105,38,37],"class_list":{"0":"post-548","1":"product","2":"type-product","3":"status-publish","4":"has-post-thumbnail","6":"product_cat-zygiai","7":"product_tag-bilietas","8":"product_tag-dviraciutraukinys","9":"product_tag-gidas","10":"product_tag-zygis","11":"desktop-align-left","12":"tablet-align-left","13":"mobile-align-left","15":"first","16":"instock","17":"virtual","18":"sold-individually","19":"purchasable","20":"product-type-simple"},"_links":{"self":[{"href":"https:\/\/olitaorany.lt\/krautuve\/wp-json\/wp\/v2\/product\/548","targetHints":{"allow":["GET"]}}],"collection":[{"href":"https:\/\/olitaorany.lt\/krautuve\/wp-json\/wp\/v2\/product"}],"about":[{"href":"https:\/\/olitaorany.lt\/krautuve\/wp-json\/wp\/v2\/types\/product"}],"wp:featuredmedia":[{"embeddable":true,"href":"https:\/\/olitaorany.lt\/krautuve\/wp-json\/wp\/v2\/media\/553"}],"wp:attachment":[{"href":"https:\/\/olitaorany.lt\/krautuve\/wp-json\/wp\/v2\/media?parent=548"}],"wp:term":[{"taxonomy":"product_brand","embeddable":true,"href":"https:\/\/olitaorany.lt\/krautuve\/wp-json\/wp\/v2\/product_brand?post=548"},{"taxonomy":"product_cat","embeddable":true,"href":"https:\/\/olitaorany.lt\/krautuve\/wp-json\/wp\/v2\/product_cat?post=548"},{"taxonomy":"product_tag","embeddable":true,"href":"https:\/\/olitaorany.lt\/krautuve\/wp-json\/wp\/v2\/product_tag?post=548"}],"curies":[{"name":"wp","href":"https:\/\/api.w.org\/{rel}","templated":true}]}}