{"id":490,"date":"2021-05-17T21:12:05","date_gmt":"2021-05-17T18:12:05","guid":{"rendered":"https:\/\/olitaorany.lt\/krautuve\/?post_type=product&#038;p=490"},"modified":"2025-02-13T10:09:20","modified_gmt":"2025-02-13T08:09:20","slug":"antsiuvas","status":"publish","type":"product","link":"https:\/\/olitaorany.lt\/krautuve\/preke\/antsiuvas\/","title":{"rendered":"Firminis antsiuvas"},"content":{"rendered":"<p>Pa\u017eintinius \u017eygius organizuojan\u010dios asociacijos \u201eOlita-Orany\u201c originalus siuvin\u0117tas antsiuvas. Skirtas prisi\u016bti. Galite pasirinkti penkis spalvinius variantus. Pagaminta Lietuvoje.<\/p>\n","protected":false},"excerpt":{"rendered":"<p>Asociacijos \u201eOlita-Orany\u201c organizuojam\u0173 pa\u017eintini\u0173 \u017eygi\u0173 antsiuvas.<\/p>\n","protected":false},"featured_media":524,"template":"","meta":{"site-sidebar-layout":"default","site-content-layout":"default","ast-site-content-layout":"default","site-content-style":"default","site-sidebar-style":"default","ast-global-header-display":"","ast-banner-title-visibility":"","ast-main-header-display":"","ast-hfb-above-header-display":"","ast-hfb-below-header-display":"","ast-hfb-mobile-header-display":"","site-post-title":"","ast-breadcrumbs-content":"","ast-featured-img":"","footer-sml-layout":"","theme-transparent-header-meta":"default","adv-header-id-meta":"","stick-header-meta":"","header-above-stick-meta":"","header-main-stick-meta":"","header-below-stick-meta":"","astra-migrate-meta-layouts":"set","ast-page-background-enabled":"default","ast-page-background-meta":{"desktop":{"background-color":"var(--ast-global-color-4)","background-image":"","background-repeat":"repeat","background-position":"center center","background-size":"auto","background-attachment":"scroll","background-type":"","background-media":"","overlay-type":"","overlay-color":"","overlay-opacity":"","overlay-gradient":""},"tablet":{"background-color":"","background-image":"","background-repeat":"repeat","background-position":"center center","background-size":"auto","background-attachment":"scroll","background-type":"","background-media":"","overlay-type":"","overlay-color":"","overlay-opacity":"","overlay-gradient":""},"mobile":{"background-color":"","background-image":"","background-repeat":"repeat","background-position":"center center","background-size":"auto","background-attachment":"scroll","background-type":"","background-media":"","overlay-type":"","overlay-color":"","overlay-opacity":"","overlay-gradient":""}},"ast-content-background-meta":{"desktop":{"background-color":"var(--ast-global-color-5)","background-image":"","background-repeat":"repeat","background-position":"center center","background-size":"auto","background-attachment":"scroll","background-type":"","background-media":"","overlay-type":"","overlay-color":"","overlay-opacity":"","overlay-gradient":""},"tablet":{"background-color":"var(--ast-global-color-5)","background-image":"","background-repeat":"repeat","background-position":"center center","background-size":"auto","background-attachment":"scroll","background-type":"","background-media":"","overlay-type":"","overlay-color":"","overlay-opacity":"","overlay-gradient":""},"mobile":{"background-color":"var(--ast-global-color-5)","background-image":"","background-repeat":"repeat","background-position":"center center","background-size":"auto","background-attachment":"scroll","background-type":"","background-media":"","overlay-type":"","overlay-color":"","overlay-opacity":"","overlay-gradient":""}}},"product_brand":[],"product_cat":[15],"product_tag":[100,101],"class_list":{"0":"post-490","1":"product","2":"type-product","3":"status-publish","4":"has-post-thumbnail","6":"product_cat-kita","7":"product_tag-antsiuvas","8":"product_tag-atributika","9":"desktop-align-left","10":"tablet-align-left","11":"mobile-align-left","13":"first","14":"instock","15":"shipping-taxable","16":"purchasable","17":"product-type-variable"},"_links":{"self":[{"href":"https:\/\/olitaorany.lt\/krautuve\/wp-json\/wp\/v2\/product\/490","targetHints":{"allow":["GET"]}}],"collection":[{"href":"https:\/\/olitaorany.lt\/krautuve\/wp-json\/wp\/v2\/product"}],"about":[{"href":"https:\/\/olitaorany.lt\/krautuve\/wp-json\/wp\/v2\/types\/product"}],"wp:featuredmedia":[{"embeddable":true,"href":"https:\/\/olitaorany.lt\/krautuve\/wp-json\/wp\/v2\/media\/524"}],"wp:attachment":[{"href":"https:\/\/olitaorany.lt\/krautuve\/wp-json\/wp\/v2\/media?parent=490"}],"wp:term":[{"taxonomy":"product_brand","embeddable":true,"href":"https:\/\/olitaorany.lt\/krautuve\/wp-json\/wp\/v2\/product_brand?post=490"},{"taxonomy":"product_cat","embeddable":true,"href":"https:\/\/olitaorany.lt\/krautuve\/wp-json\/wp\/v2\/product_cat?post=490"},{"taxonomy":"product_tag","embeddable":true,"href":"https:\/\/olitaorany.lt\/krautuve\/wp-json\/wp\/v2\/product_tag?post=490"}],"curies":[{"name":"wp","href":"https:\/\/api.w.org\/{rel}","templated":true}]}}