{"id":291,"date":"2021-04-05T15:23:55","date_gmt":"2021-04-05T12:23:55","guid":{"rendered":"https:\/\/olitaorany.lt\/krautuve\/?post_type=product&#038;p=291"},"modified":"2024-04-08T20:11:03","modified_gmt":"2024-04-08T17:11:03","slug":"duetai","status":"publish","type":"product","link":"https:\/\/olitaorany.lt\/krautuve\/preke\/duetai\/","title":{"rendered":"Fotoparodos atspaudai \u201eDuetai\u201c"},"content":{"rendered":"<p>Dviej\u0173 fotonuotrauk\u0173 komplektas i\u0161 fotografij\u0173 parodos. Olita-Orany atvirlai\u0161ki\u0173 rinkin\u012f \u201eTiltas\u201c pristatan\u010dios parodos buvo surengtos Alytaus centriniame pa\u0161te (2015) ir Lietuvos gele\u017einkeli\u0173 muziejuje (2016). Sudaryti parodiniai nuotrauk\u0173 duetai, kuriuose &#8211; XIX a. gele\u017einkelio ir XXI a. p\u0117s\u010di\u0173j\u0173 ir dvira\u010di\u0173 tilt\u0173 per Nemun\u0105 Alytuje statyb\u0173 momentai. Viso yra atspausdinta 16 por\u0173. Atspaudai stand\u016bs, nereikalaujantys r\u0117minimo. (Produkt\u0173 demonstravimui pasitelkti kadrai i\u0161 <a href=\"https:\/\/www.facebook.com\/oo.projektas\/posts\/1730545473847501\"><strong>parodos<\/strong><\/a> Gele\u017einkeli\u0173 muziejuje).<\/p>\n","protected":false},"excerpt":{"rendered":"<p>Nuotrauk\u0173 poros, kuriose &#8211;\u00a0 XIX a. gele\u017einkelio ir XXI a. p\u0117s\u010di\u0173j\u0173 ir dvira\u010di\u0173 tilt\u0173 per Nemun\u0105 Alytuje statyb\u0173 akimirkos. Pasirinkite norim\u0105 numer\u012f.<\/p>\n","protected":false},"featured_media":297,"template":"","meta":{"site-sidebar-layout":"default","site-content-layout":"default","ast-site-content-layout":"","site-content-style":"default","site-sidebar-style":"default","ast-global-header-display":"","ast-banner-title-visibility":"","ast-main-header-display":"","ast-hfb-above-header-display":"","ast-hfb-below-header-display":"","ast-hfb-mobile-header-display":"","site-post-title":"","ast-breadcrumbs-content":"","ast-featured-img":"","footer-sml-layout":"","theme-transparent-header-meta":"default","adv-header-id-meta":"","stick-header-meta":"","header-above-stick-meta":"","header-main-stick-meta":"","header-below-stick-meta":"","astra-migrate-meta-layouts":"default","ast-page-background-enabled":"default","ast-page-background-meta":{"desktop":{"background-color":"var(--ast-global-color-4)","background-image":"","background-repeat":"repeat","background-position":"center center","background-size":"auto","background-attachment":"scroll","background-type":"","background-media":"","overlay-type":"","overlay-color":"","overlay-opacity":"","overlay-gradient":""},"tablet":{"background-color":"","background-image":"","background-repeat":"repeat","background-position":"center center","background-size":"auto","background-attachment":"scroll","background-type":"","background-media":"","overlay-type":"","overlay-color":"","overlay-opacity":"","overlay-gradient":""},"mobile":{"background-color":"","background-image":"","background-repeat":"repeat","background-position":"center center","background-size":"auto","background-attachment":"scroll","background-type":"","background-media":"","overlay-type":"","overlay-color":"","overlay-opacity":"","overlay-gradient":""}},"ast-content-background-meta":{"desktop":{"background-color":"var(--ast-global-color-5)","background-image":"","background-repeat":"repeat","background-position":"center center","background-size":"auto","background-attachment":"scroll","background-type":"","background-media":"","overlay-type":"","overlay-color":"","overlay-opacity":"","overlay-gradient":""},"tablet":{"background-color":"var(--ast-global-color-5)","background-image":"","background-repeat":"repeat","background-position":"center center","background-size":"auto","background-attachment":"scroll","background-type":"","background-media":"","overlay-type":"","overlay-color":"","overlay-opacity":"","overlay-gradient":""},"mobile":{"background-color":"var(--ast-global-color-5)","background-image":"","background-repeat":"repeat","background-position":"center center","background-size":"auto","background-attachment":"scroll","background-type":"","background-media":"","overlay-type":"","overlay-color":"","overlay-opacity":"","overlay-gradient":""}}},"product_brand":[],"product_cat":[22],"product_tag":[34,35,26],"class_list":{"0":"post-291","1":"product","2":"type-product","3":"status-publish","4":"has-post-thumbnail","6":"product_cat-interjerui","7":"product_tag-atspaudas","8":"product_tag-fotografija","9":"product_tag-tiltas","10":"desktop-align-left","11":"tablet-align-left","12":"mobile-align-left","14":"first","15":"instock","16":"shipping-taxable","17":"purchasable","18":"product-type-variable"},"_links":{"self":[{"href":"https:\/\/olitaorany.lt\/krautuve\/wp-json\/wp\/v2\/product\/291","targetHints":{"allow":["GET"]}}],"collection":[{"href":"https:\/\/olitaorany.lt\/krautuve\/wp-json\/wp\/v2\/product"}],"about":[{"href":"https:\/\/olitaorany.lt\/krautuve\/wp-json\/wp\/v2\/types\/product"}],"wp:featuredmedia":[{"embeddable":true,"href":"https:\/\/olitaorany.lt\/krautuve\/wp-json\/wp\/v2\/media\/297"}],"wp:attachment":[{"href":"https:\/\/olitaorany.lt\/krautuve\/wp-json\/wp\/v2\/media?parent=291"}],"wp:term":[{"taxonomy":"product_brand","embeddable":true,"href":"https:\/\/olitaorany.lt\/krautuve\/wp-json\/wp\/v2\/product_brand?post=291"},{"taxonomy":"product_cat","embeddable":true,"href":"https:\/\/olitaorany.lt\/krautuve\/wp-json\/wp\/v2\/product_cat?post=291"},{"taxonomy":"product_tag","embeddable":true,"href":"https:\/\/olitaorany.lt\/krautuve\/wp-json\/wp\/v2\/product_tag?post=291"}],"curies":[{"name":"wp","href":"https:\/\/api.w.org\/{rel}","templated":true}]}}