{"id":239,"date":"2021-04-04T13:51:33","date_gmt":"2021-04-04T10:51:33","guid":{"rendered":"https:\/\/olitaorany.lt\/krautuve\/?post_type=product&#038;p=239"},"modified":"2024-04-08T20:05:47","modified_gmt":"2024-04-08T17:05:47","slug":"tilto-istorija-plius","status":"publish","type":"product","link":"https:\/\/olitaorany.lt\/krautuve\/preke\/tilto-istorija-plius\/","title":{"rendered":"\u017dygis penkiems \u201eNe vien tilto istorija\u201c"},"content":{"rendered":"<p>Pa\u017eintinio pasivaik\u0161\u010diojimo metu su\u017einosite auk\u0161\u010diausio Baltijos \u0161alyse p\u0117s\u010di\u0173j\u0173 ir dvira\u010di\u0173 tilto ir\u00a0 \u010dia stov\u0117jusi\u0173 <strong><a href=\"\/..\/olita_tiltas.htm\">jo pirmtak\u0173<\/a><\/strong> bei Moterties upelio <a href=\"\/..\/moterties_pralaida.htm\"><strong>tunelio<\/strong><\/a> po buvusio gele\u017einkelio pylimu istorij\u0105. \u017dygis iliustruojamas istoriniais bre\u017einiais, \u017eem\u0117lapiais ir fotografijomis.<br \/>\nTinkamas \u017emon\u0117ms su viduti\u0161ku fiziniu pasirengimu.<\/p>\n","protected":false},"excerpt":{"rendered":"<p>Pasivaik\u0161\u010diojias 5 asmenims su \u017eygio vadovu. Pageidaujama \u017eygio data ir laikas derinami. Susisiekime.<b><strong><br \/>\nKaina visai grupei. <\/strong><br \/>\n<\/b><\/p>\n","protected":false},"featured_media":244,"template":"","meta":{"site-sidebar-layout":"default","site-content-layout":"default","ast-site-content-layout":"","site-content-style":"default","site-sidebar-style":"default","ast-global-header-display":"","ast-banner-title-visibility":"","ast-main-header-display":"","ast-hfb-above-header-display":"","ast-hfb-below-header-display":"","ast-hfb-mobile-header-display":"","site-post-title":"","ast-breadcrumbs-content":"","ast-featured-img":"","footer-sml-layout":"","theme-transparent-header-meta":"default","adv-header-id-meta":"","stick-header-meta":"","header-above-stick-meta":"","header-main-stick-meta":"","header-below-stick-meta":"","astra-migrate-meta-layouts":"default","ast-page-background-enabled":"default","ast-page-background-meta":{"desktop":{"background-color":"var(--ast-global-color-4)","background-image":"","background-repeat":"repeat","background-position":"center center","background-size":"auto","background-attachment":"scroll","background-type":"","background-media":"","overlay-type":"","overlay-color":"","overlay-opacity":"","overlay-gradient":""},"tablet":{"background-color":"","background-image":"","background-repeat":"repeat","background-position":"center center","background-size":"auto","background-attachment":"scroll","background-type":"","background-media":"","overlay-type":"","overlay-color":"","overlay-opacity":"","overlay-gradient":""},"mobile":{"background-color":"","background-image":"","background-repeat":"repeat","background-position":"center center","background-size":"auto","background-attachment":"scroll","background-type":"","background-media":"","overlay-type":"","overlay-color":"","overlay-opacity":"","overlay-gradient":""}},"ast-content-background-meta":{"desktop":{"background-color":"var(--ast-global-color-5)","background-image":"","background-repeat":"repeat","background-position":"center center","background-size":"auto","background-attachment":"scroll","background-type":"","background-media":"","overlay-type":"","overlay-color":"","overlay-opacity":"","overlay-gradient":""},"tablet":{"background-color":"var(--ast-global-color-5)","background-image":"","background-repeat":"repeat","background-position":"center center","background-size":"auto","background-attachment":"scroll","background-type":"","background-media":"","overlay-type":"","overlay-color":"","overlay-opacity":"","overlay-gradient":""},"mobile":{"background-color":"var(--ast-global-color-5)","background-image":"","background-repeat":"repeat","background-position":"center center","background-size":"auto","background-attachment":"scroll","background-type":"","background-media":"","overlay-type":"","overlay-color":"","overlay-opacity":"","overlay-gradient":""}}},"product_brand":[],"product_cat":[23],"product_tag":[29,38,37],"class_list":{"0":"post-239","1":"product","2":"type-product","3":"status-publish","4":"has-post-thumbnail","6":"product_cat-zygiai","7":"product_tag-bilietas","8":"product_tag-gidas","9":"product_tag-zygis","10":"desktop-align-left","11":"tablet-align-left","12":"mobile-align-left","14":"first","15":"instock","16":"virtual","17":"sold-individually","18":"purchasable","19":"product-type-simple"},"_links":{"self":[{"href":"https:\/\/olitaorany.lt\/krautuve\/wp-json\/wp\/v2\/product\/239","targetHints":{"allow":["GET"]}}],"collection":[{"href":"https:\/\/olitaorany.lt\/krautuve\/wp-json\/wp\/v2\/product"}],"about":[{"href":"https:\/\/olitaorany.lt\/krautuve\/wp-json\/wp\/v2\/types\/product"}],"wp:featuredmedia":[{"embeddable":true,"href":"https:\/\/olitaorany.lt\/krautuve\/wp-json\/wp\/v2\/media\/244"}],"wp:attachment":[{"href":"https:\/\/olitaorany.lt\/krautuve\/wp-json\/wp\/v2\/media?parent=239"}],"wp:term":[{"taxonomy":"product_brand","embeddable":true,"href":"https:\/\/olitaorany.lt\/krautuve\/wp-json\/wp\/v2\/product_brand?post=239"},{"taxonomy":"product_cat","embeddable":true,"href":"https:\/\/olitaorany.lt\/krautuve\/wp-json\/wp\/v2\/product_cat?post=239"},{"taxonomy":"product_tag","embeddable":true,"href":"https:\/\/olitaorany.lt\/krautuve\/wp-json\/wp\/v2\/product_tag?post=239"}],"curies":[{"name":"wp","href":"https:\/\/api.w.org\/{rel}","templated":true}]}}