{"id":99,"date":"2021-04-02T09:19:20","date_gmt":"2021-04-02T06:19:20","guid":{"rendered":"https:\/\/olitaorany.lt\/krautuve\/?page_id=99"},"modified":"2025-12-01T20:10:16","modified_gmt":"2025-12-01T18:10:16","slug":"duk","status":"publish","type":"page","link":"https:\/\/olitaorany.lt\/krautuve\/duk\/","title":{"rendered":"D.U.K."},"content":{"rendered":"\n<p><b>Kaip man bus pristatyta prek\u0117?<\/b><br>Prekes nurodytu adresu pristatys pasirinktos siunt\u0173 tarnybos kurjeris. Pasirenkate <a href=\"mailto:info@olitaorany.lt\"><\/a>patys.<\/p>\n\n\n\n<p><b>Kaip pasiimti prek\u0119 jos nesiun\u010diant?<\/b><br>Nemokamai galite atsiimti Alytuje arba \u201eOlita-Orany\u201d \u017eygi\u0173 metu, detales deriname el. pa\u0161tu <a href=\"mailto:info@olitaorany.lt\">olitaorany@gmail.com<\/a><\/p>\n\n\n\n<p><b>Ar galiu rinktis kitok\u012f <a href=\"https:\/\/olitaorany.lt\/krautuve\/product-category\/interjerui\/\">interjero spaudinio<\/a> dyd\u012f?<\/b><br>Galite rinktis patikusio spaudinio dyd\u017eius, deriname individualiai el. pa\u0161tu <a href=\"mailto:info@olitaorany.lt\"><a href=\"mailto:info@olitaorany.lt\">olitaorany@gmail.com<\/a><\/a><\/p>\n\n\n\n<p><b>Noriu kitos <a href=\"https:\/\/olitaorany.lt\/krautuve\/product-category\/interjerui\/\">interjerin\u0117s fotografijos<\/a>.<\/b><br>Visada galima rinktis. Susisiekime el. pa\u0161tu <a href=\"mailto:info@olitaorany.lt\"><a href=\"mailto:info@olitaorany.lt\">olitaorany@gmail.com<\/a><\/a><\/p>\n\n\n\n<p><b>Per kiek laiko gausiu prek\u0119?<\/b><br>Serijin\u0117s prek\u0117s i\u0161siun\u010diamos per 1-2 darbo dienas. <br><a href=\"https:\/\/olitaorany.lt\/krautuve\/product-category\/interjerui\/\">Prekes interjerui<\/a> prad\u0117sime gaminti gav\u0119 u\u017esakym\u0105, trukm\u0117 derinama el. pa\u0161tu <a href=\"mailto:info@olitaorany.lt\">olitaorany@gmail.com<\/a> ne ma\u017eiau kalendorini\u0173 7 dien\u0173.\u00a0<\/p>\n\n\n\n<p><\/p>\n","protected":false},"excerpt":{"rendered":"<p>Kaip man bus pristatyta prek\u0117?Prekes nurodytu adresu pristatys pasirinktos siunt\u0173 tarnybos kurjeris. Pasirenkate patys. Kaip pasiimti prek\u0119 jos nesiun\u010diant?Nemokamai galite atsiimti Alytuje arba \u201eOlita-Orany\u201d \u017eygi\u0173 metu, detales deriname el. pa\u0161tu olitaorany@gmail.com Ar galiu rinktis kitok\u012f interjero spaudinio dyd\u012f?Galite rinktis patikusio spaudinio dyd\u017eius, deriname individualiai el. pa\u0161tu olitaorany@gmail.com Noriu kitos interjerin\u0117s fotografijos.Visada galima rinktis. Susisiekime el. [&hellip;]<\/p>\n","protected":false},"author":2,"featured_media":0,"parent":0,"menu_order":0,"comment_status":"closed","ping_status":"closed","template":"","meta":{"site-sidebar-layout":"default","site-content-layout":"default","ast-site-content-layout":"default","site-content-style":"default","site-sidebar-style":"default","ast-global-header-display":"","ast-banner-title-visibility":"","ast-main-header-display":"","ast-hfb-above-header-display":"","ast-hfb-below-header-display":"","ast-hfb-mobile-header-display":"","site-post-title":"disabled","ast-breadcrumbs-content":"","ast-featured-img":"","footer-sml-layout":"","theme-transparent-header-meta":"default","adv-header-id-meta":"","stick-header-meta":"","header-above-stick-meta":"","header-main-stick-meta":"","header-below-stick-meta":"","astra-migrate-meta-layouts":"set","ast-page-background-enabled":"default","ast-page-background-meta":{"desktop":{"background-color":"var(--ast-global-color-4)","background-image":"","background-repeat":"repeat","background-position":"center center","background-size":"auto","background-attachment":"scroll","background-type":"","background-media":"","overlay-type":"","overlay-color":"","overlay-opacity":"","overlay-gradient":""},"tablet":{"background-color":"","background-image":"","background-repeat":"repeat","background-position":"center center","background-size":"auto","background-attachment":"scroll","background-type":"","background-media":"","overlay-type":"","overlay-color":"","overlay-opacity":"","overlay-gradient":""},"mobile":{"background-color":"","background-image":"","background-repeat":"repeat","background-position":"center center","background-size":"auto","background-attachment":"scroll","background-type":"","background-media":"","overlay-type":"","overlay-color":"","overlay-opacity":"","overlay-gradient":""}},"ast-content-background-meta":{"desktop":{"background-color":"var(--ast-global-color-5)","background-image":"","background-repeat":"repeat","background-position":"center center","background-size":"auto","background-attachment":"scroll","background-type":"","background-media":"","overlay-type":"","overlay-color":"","overlay-opacity":"","overlay-gradient":""},"tablet":{"background-color":"var(--ast-global-color-5)","background-image":"","background-repeat":"repeat","background-position":"center center","background-size":"auto","background-attachment":"scroll","background-type":"","background-media":"","overlay-type":"","overlay-color":"","overlay-opacity":"","overlay-gradient":""},"mobile":{"background-color":"var(--ast-global-color-5)","background-image":"","background-repeat":"repeat","background-position":"center center","background-size":"auto","background-attachment":"scroll","background-type":"","background-media":"","overlay-type":"","overlay-color":"","overlay-opacity":"","overlay-gradient":""}},"wp_social_preview_title":"","wp_social_preview_description":"","wp_social_preview_image":0,"footnotes":""},"class_list":["post-99","page","type-page","status-publish","hentry"],"_links":{"self":[{"href":"https:\/\/olitaorany.lt\/krautuve\/wp-json\/wp\/v2\/pages\/99","targetHints":{"allow":["GET"]}}],"collection":[{"href":"https:\/\/olitaorany.lt\/krautuve\/wp-json\/wp\/v2\/pages"}],"about":[{"href":"https:\/\/olitaorany.lt\/krautuve\/wp-json\/wp\/v2\/types\/page"}],"author":[{"embeddable":true,"href":"https:\/\/olitaorany.lt\/krautuve\/wp-json\/wp\/v2\/users\/2"}],"replies":[{"embeddable":true,"href":"https:\/\/olitaorany.lt\/krautuve\/wp-json\/wp\/v2\/comments?post=99"}],"version-history":[{"count":11,"href":"https:\/\/olitaorany.lt\/krautuve\/wp-json\/wp\/v2\/pages\/99\/revisions"}],"predecessor-version":[{"id":738,"href":"https:\/\/olitaorany.lt\/krautuve\/wp-json\/wp\/v2\/pages\/99\/revisions\/738"}],"wp:attachment":[{"href":"https:\/\/olitaorany.lt\/krautuve\/wp-json\/wp\/v2\/media?parent=99"}],"curies":[{"name":"wp","href":"https:\/\/api.w.org\/{rel}","templated":true}]}}