{"id":39,"date":"2021-04-01T17:50:32","date_gmt":"2021-04-01T14:50:32","guid":{"rendered":"https:\/\/olitaorany.lt\/krautuve\/index.php\/homepage\/"},"modified":"2025-12-01T19:55:50","modified_gmt":"2025-12-01T17:55:50","slug":"krautuve","status":"publish","type":"page","link":"https:\/\/olitaorany.lt\/krautuve\/","title":{"rendered":"krautuv\u0117"},"content":{"rendered":"<div data-block-name=\"woocommerce\/product-new\" class=\"wc-block-grid wp-block-product-new wp-block-woocommerce-product-new wc-block-product-new has-3-columns has-multiple-rows\"><ul class=\"wc-block-grid__products\"><li class=\"wc-block-grid__product\">\n\t\t\t\t<a href=\"https:\/\/olitaorany.lt\/krautuve\/preke\/balti-tatrai-2026\/\" class=\"wc-block-grid__product-link\">\n\t\t\t\t\t<div class=\"wc-block-grid__product-onsale\">\n\t\t\t<span aria-hidden=\"true\">Akcija<\/span>\n\t\t\t<span class=\"screen-reader-text\">Produktas su nuolaida<\/span>\n\t\t<\/div>\n\t\t\t\t\t<div class=\"wc-block-grid__product-image\"><img loading=\"lazy\" decoding=\"async\" width=\"400\" height=\"300\" src=\"https:\/\/olitaorany.lt\/krautuve\/wp-content\/uploads\/2025\/12\/admin-ajax-400x300.jpg\" class=\"attachment-woocommerce_thumbnail size-woocommerce_thumbnail\" alt=\"Balti Tatrai 2026\" srcset=\"https:\/\/olitaorany.lt\/krautuve\/wp-content\/uploads\/2025\/12\/admin-ajax-400x300.jpg 400w, https:\/\/olitaorany.lt\/krautuve\/wp-content\/uploads\/2025\/12\/admin-ajax-300x225.jpg 300w, https:\/\/olitaorany.lt\/krautuve\/wp-content\/uploads\/2025\/12\/admin-ajax-500x374.jpg 500w, https:\/\/olitaorany.lt\/krautuve\/wp-content\/uploads\/2025\/12\/admin-ajax.jpg 601w\" sizes=\"auto, (max-width: 400px) 100vw, 400px\" \/><\/div>\n\t\t\t\t\t<div class=\"wc-block-grid__product-title\">Balti Tatrai 2026<\/div>\n\t\t\t\t<\/a>\n\t\t\t\t<div class=\"wc-block-grid__product-price price\"><del aria-hidden=\"true\"><span class=\"woocommerce-Price-amount amount\">549,00&nbsp;<span class=\"woocommerce-Price-currencySymbol\">&euro;<\/span><\/span><\/del> <span class=\"screen-reader-text\">Original price was: 549,00&nbsp;&euro;.<\/span><ins aria-hidden=\"true\"><span class=\"woocommerce-Price-amount amount\">300,00&nbsp;<span class=\"woocommerce-Price-currencySymbol\">&euro;<\/span><\/span><\/ins><span class=\"screen-reader-text\">Current price is: 300,00&nbsp;&euro;.<\/span><\/div>\n\t\t\t\t\n\t\t\t\t<div class=\"wp-block-button wc-block-grid__product-add-to-cart\"><a href=\"\/krautuve\/wp-json\/wp\/v2\/pages\/39?add-to-cart=722\" aria-label=\"Add to cart: &ldquo;Balti Tatrai 2026&rdquo;\" data-quantity=\"1\" data-product_id=\"722\" data-product_sku=\"\" data-price=\"300\" rel=\"nofollow\" class=\"wp-block-button__link  add_to_cart_button ajax_add_to_cart\">\u012e krep\u0161el\u012f<\/a><\/div>\n\t\t\t<\/li><li class=\"wc-block-grid__product\">\n\t\t\t\t<a href=\"https:\/\/olitaorany.lt\/krautuve\/preke\/kaklaskare-kalnai\/\" class=\"wc-block-grid__product-link\">\n\t\t\t\t\t\n\t\t\t\t\t<div class=\"wc-block-grid__product-image\"><img loading=\"lazy\" decoding=\"async\" width=\"400\" height=\"225\" src=\"https:\/\/olitaorany.lt\/krautuve\/wp-content\/uploads\/2024\/12\/20241217_120533-EDIT-400x225.jpg\" class=\"attachment-woocommerce_thumbnail size-woocommerce_thumbnail\" alt=\"Olita-Orany kaklaskar\u0117 Kalnai!\" srcset=\"https:\/\/olitaorany.lt\/krautuve\/wp-content\/uploads\/2024\/12\/20241217_120533-EDIT-400x225.jpg 400w, https:\/\/olitaorany.lt\/krautuve\/wp-content\/uploads\/2024\/12\/20241217_120533-EDIT-300x169.jpg 300w, https:\/\/olitaorany.lt\/krautuve\/wp-content\/uploads\/2024\/12\/20241217_120533-EDIT-1024x576.jpg 1024w, https:\/\/olitaorany.lt\/krautuve\/wp-content\/uploads\/2024\/12\/20241217_120533-EDIT-768x432.jpg 768w, https:\/\/olitaorany.lt\/krautuve\/wp-content\/uploads\/2024\/12\/20241217_120533-EDIT-1536x864.jpg 1536w, https:\/\/olitaorany.lt\/krautuve\/wp-content\/uploads\/2024\/12\/20241217_120533-EDIT-2048x1153.jpg 2048w, https:\/\/olitaorany.lt\/krautuve\/wp-content\/uploads\/2024\/12\/20241217_120533-EDIT-500x281.jpg 500w\" sizes=\"auto, (max-width: 400px) 100vw, 400px\" \/><\/div>\n\t\t\t\t\t<div class=\"wc-block-grid__product-title\">Olita-Orany kaklaskar\u0117 Kalnai!<\/div>\n\t\t\t\t<\/a>\n\t\t\t\t<div class=\"wc-block-grid__product-price price\"><span class=\"woocommerce-Price-amount amount\">10,00&nbsp;<span class=\"woocommerce-Price-currencySymbol\">&euro;<\/span><\/span><\/div>\n\t\t\t\t\n\t\t\t\t<div class=\"wp-block-button wc-block-grid__product-add-to-cart\"><a href=\"\/krautuve\/wp-json\/wp\/v2\/pages\/39?add-to-cart=667\" aria-label=\"Add to cart: &ldquo;Olita-Orany kaklaskar\u0117 Kalnai!&rdquo;\" data-quantity=\"1\" data-product_id=\"667\" data-product_sku=\"MNT\" data-price=\"10\" rel=\"nofollow\" class=\"wp-block-button__link  add_to_cart_button ajax_add_to_cart\">\u012e krep\u0161el\u012f<\/a><\/div>\n\t\t\t<\/li><li class=\"wc-block-grid__product\">\n\t\t\t\t<a href=\"https:\/\/olitaorany.lt\/krautuve\/preke\/tatry-2025\/\" class=\"wc-block-grid__product-link\">\n\t\t\t\t\t<div class=\"wc-block-grid__product-onsale\">\n\t\t\t<span aria-hidden=\"true\">Akcija<\/span>\n\t\t\t<span class=\"screen-reader-text\">Produktas su nuolaida<\/span>\n\t\t<\/div>\n\t\t\t\t\t<div class=\"wc-block-grid__product-image\"><img loading=\"lazy\" decoding=\"async\" width=\"400\" height=\"300\" src=\"https:\/\/olitaorany.lt\/krautuve\/wp-content\/uploads\/2024\/12\/z3-400x300.jpg\" class=\"attachment-woocommerce_thumbnail size-woocommerce_thumbnail\" alt=\"Balti Tatrai 2025\" srcset=\"https:\/\/olitaorany.lt\/krautuve\/wp-content\/uploads\/2024\/12\/z3-400x300.jpg 400w, https:\/\/olitaorany.lt\/krautuve\/wp-content\/uploads\/2024\/12\/z3-300x225.jpg 300w, https:\/\/olitaorany.lt\/krautuve\/wp-content\/uploads\/2024\/12\/z3-1024x768.jpg 1024w, https:\/\/olitaorany.lt\/krautuve\/wp-content\/uploads\/2024\/12\/z3-768x576.jpg 768w, https:\/\/olitaorany.lt\/krautuve\/wp-content\/uploads\/2024\/12\/z3-1536x1152.jpg 1536w, https:\/\/olitaorany.lt\/krautuve\/wp-content\/uploads\/2024\/12\/z3-500x375.jpg 500w, https:\/\/olitaorany.lt\/krautuve\/wp-content\/uploads\/2024\/12\/z3.jpg 2048w\" sizes=\"auto, (max-width: 400px) 100vw, 400px\" \/><\/div>\n\t\t\t\t\t<div class=\"wc-block-grid__product-title\">Balti Tatrai 2025<\/div>\n\t\t\t\t<\/a>\n\t\t\t\t<div class=\"wc-block-grid__product-price price\"><del aria-hidden=\"true\"><span class=\"woocommerce-Price-amount amount\">549,00&nbsp;<span class=\"woocommerce-Price-currencySymbol\">&euro;<\/span><\/span><\/del> <span class=\"screen-reader-text\">Original price was: 549,00&nbsp;&euro;.<\/span><ins aria-hidden=\"true\"><span class=\"woocommerce-Price-amount amount\">300,00&nbsp;<span class=\"woocommerce-Price-currencySymbol\">&euro;<\/span><\/span><\/ins><span class=\"screen-reader-text\">Current price is: 300,00&nbsp;&euro;.<\/span><\/div>\n\t\t\t\t\n\t\t\t\t<div class=\"wp-block-button wc-block-grid__product-add-to-cart\"><a href=\"\/krautuve\/wp-json\/wp\/v2\/pages\/39?add-to-cart=652\" aria-label=\"Add to cart: &ldquo;Balti Tatrai 2025&rdquo;\" data-quantity=\"1\" data-product_id=\"652\" data-product_sku=\"\" data-price=\"300\" rel=\"nofollow\" class=\"wp-block-button__link  add_to_cart_button ajax_add_to_cart\">\u012e krep\u0161el\u012f<\/a><\/div>\n\t\t\t<\/li><li class=\"wc-block-grid__product\">\n\t\t\t\t<a href=\"https:\/\/olitaorany.lt\/krautuve\/preke\/kaklaskare-olita-orany-zygiai\/\" class=\"wc-block-grid__product-link\">\n\t\t\t\t\t\n\t\t\t\t\t<div class=\"wc-block-grid__product-image\"><img loading=\"lazy\" decoding=\"async\" width=\"400\" height=\"267\" src=\"https:\/\/olitaorany.lt\/krautuve\/wp-content\/uploads\/2021\/11\/DSC_6015-1-400x267.jpg\" class=\"attachment-woocommerce_thumbnail size-woocommerce_thumbnail\" alt=\"Kaklaskar\u0117 Olita-Orany \u017eygiai\" srcset=\"https:\/\/olitaorany.lt\/krautuve\/wp-content\/uploads\/2021\/11\/DSC_6015-1-400x267.jpg 400w, https:\/\/olitaorany.lt\/krautuve\/wp-content\/uploads\/2021\/11\/DSC_6015-1-300x201.jpg 300w, https:\/\/olitaorany.lt\/krautuve\/wp-content\/uploads\/2021\/11\/DSC_6015-1-500x334.jpg 500w, https:\/\/olitaorany.lt\/krautuve\/wp-content\/uploads\/2021\/11\/DSC_6015-1.jpg 600w\" sizes=\"auto, (max-width: 400px) 100vw, 400px\" \/><\/div>\n\t\t\t\t\t<div class=\"wc-block-grid__product-title\">Kaklaskar\u0117 Olita-Orany \u017eygiai<\/div>\n\t\t\t\t<\/a>\n\t\t\t\t<div class=\"wc-block-grid__product-price price\"><span class=\"woocommerce-Price-amount amount\">10,00&nbsp;<span class=\"woocommerce-Price-currencySymbol\">&euro;<\/span><\/span><\/div>\n\t\t\t\t\n\t\t\t\t<div class=\"wp-block-button wc-block-grid__product-add-to-cart\"><a href=\"https:\/\/olitaorany.lt\/krautuve\/preke\/kaklaskare-olita-orany-zygiai\/\" aria-label=\"Daugiau informacijos apie &ldquo;Kaklaskar\u0117 Olita-Orany \u017eygiai&rdquo;\" data-quantity=\"1\" data-product_id=\"556\" data-product_sku=\"\" data-price=\"10\" rel=\"nofollow\" class=\"wp-block-button__link  add_to_cart_button\">Daugiau<\/a><\/div>\n\t\t\t<\/li><li class=\"wc-block-grid__product\">\n\t\t\t\t<a href=\"https:\/\/olitaorany.lt\/krautuve\/preke\/dviraciu-traukinys\/\" class=\"wc-block-grid__product-link\">\n\t\t\t\t\t\n\t\t\t\t\t<div class=\"wc-block-grid__product-image\"><img loading=\"lazy\" decoding=\"async\" width=\"400\" height=\"265\" src=\"https:\/\/olitaorany.lt\/krautuve\/wp-content\/uploads\/2021\/07\/60807540_2381323622103013_7971457329986011136_n-400x265.jpg\" class=\"attachment-woocommerce_thumbnail size-woocommerce_thumbnail\" alt=\"\u017dygis &quot;Dvira\u010di\u0173 traukinys&quot;\" srcset=\"https:\/\/olitaorany.lt\/krautuve\/wp-content\/uploads\/2021\/07\/60807540_2381323622103013_7971457329986011136_n-400x265.jpg 400w, https:\/\/olitaorany.lt\/krautuve\/wp-content\/uploads\/2021\/07\/60807540_2381323622103013_7971457329986011136_n-300x199.jpg 300w, https:\/\/olitaorany.lt\/krautuve\/wp-content\/uploads\/2021\/07\/60807540_2381323622103013_7971457329986011136_n-768x508.jpg 768w, https:\/\/olitaorany.lt\/krautuve\/wp-content\/uploads\/2021\/07\/60807540_2381323622103013_7971457329986011136_n-500x331.jpg 500w, https:\/\/olitaorany.lt\/krautuve\/wp-content\/uploads\/2021\/07\/60807540_2381323622103013_7971457329986011136_n.jpg 1000w\" sizes=\"auto, (max-width: 400px) 100vw, 400px\" \/><\/div>\n\t\t\t\t\t<div class=\"wc-block-grid__product-title\">\u017dygis &#8222;Dvira\u010di\u0173 traukinys&#8221;<\/div>\n\t\t\t\t<\/a>\n\t\t\t\t<div class=\"wc-block-grid__product-price price\"><span class=\"woocommerce-Price-amount amount\">199,00&nbsp;<span class=\"woocommerce-Price-currencySymbol\">&euro;<\/span><\/span><\/div>\n\t\t\t\t\n\t\t\t\t<div class=\"wp-block-button wc-block-grid__product-add-to-cart\"><a href=\"\/krautuve\/wp-json\/wp\/v2\/pages\/39?add-to-cart=548\" aria-label=\"Add to cart: &ldquo;\u017dygis &quot;Dvira\u010di\u0173 traukinys&quot;&rdquo;\" data-quantity=\"1\" data-product_id=\"548\" data-product_sku=\"\" data-price=\"199\" rel=\"nofollow\" class=\"wp-block-button__link  add_to_cart_button ajax_add_to_cart\">\u012e krep\u0161el\u012f<\/a><\/div>\n\t\t\t<\/li><li class=\"wc-block-grid__product\">\n\t\t\t\t<a href=\"https:\/\/olitaorany.lt\/krautuve\/preke\/antsiuvas\/\" class=\"wc-block-grid__product-link\">\n\t\t\t\t\t\n\t\t\t\t\t<div class=\"wc-block-grid__product-image\"><img loading=\"lazy\" decoding=\"async\" width=\"400\" height=\"266\" src=\"https:\/\/olitaorany.lt\/krautuve\/wp-content\/uploads\/2021\/05\/1621268198122-1-1-400x266.jpg\" class=\"attachment-woocommerce_thumbnail size-woocommerce_thumbnail\" alt=\"antsiuvai\" srcset=\"https:\/\/olitaorany.lt\/krautuve\/wp-content\/uploads\/2021\/05\/1621268198122-1-1-400x266.jpg 400w, https:\/\/olitaorany.lt\/krautuve\/wp-content\/uploads\/2021\/05\/1621268198122-1-1-300x200.jpg 300w, https:\/\/olitaorany.lt\/krautuve\/wp-content\/uploads\/2021\/05\/1621268198122-1-1-768x511.jpg 768w, https:\/\/olitaorany.lt\/krautuve\/wp-content\/uploads\/2021\/05\/1621268198122-1-1-500x333.jpg 500w, https:\/\/olitaorany.lt\/krautuve\/wp-content\/uploads\/2021\/05\/1621268198122-1-1.jpg 850w\" sizes=\"auto, (max-width: 400px) 100vw, 400px\" \/><\/div>\n\t\t\t\t\t<div class=\"wc-block-grid__product-title\">Firminis antsiuvas<\/div>\n\t\t\t\t<\/a>\n\t\t\t\t<div class=\"wc-block-grid__product-price price\"><span class=\"woocommerce-Price-amount amount\">4,00&nbsp;<span class=\"woocommerce-Price-currencySymbol\">&euro;<\/span><\/span><\/div>\n\t\t\t\t\n\t\t\t\t<div class=\"wp-block-button wc-block-grid__product-add-to-cart\"><a href=\"https:\/\/olitaorany.lt\/krautuve\/preke\/antsiuvas\/\" aria-label=\"Pasirinkti savybes: &ldquo;Firminis antsiuvas&rdquo;\" data-quantity=\"1\" data-product_id=\"490\" data-product_sku=\"\" data-price=\"4\" rel=\"nofollow\" class=\"wp-block-button__link  add_to_cart_button\">Pasirinkti savybes<\/a><\/div>\n\t\t\t<\/li><li class=\"wc-block-grid__product\">\n\t\t\t\t<a href=\"https:\/\/olitaorany.lt\/krautuve\/preke\/duetai\/\" class=\"wc-block-grid__product-link\">\n\t\t\t\t\t\n\t\t\t\t\t<div class=\"wc-block-grid__product-image\"><img loading=\"lazy\" decoding=\"async\" width=\"400\" height=\"267\" src=\"https:\/\/olitaorany.lt\/krautuve\/wp-content\/uploads\/2021\/04\/P5-400x267.jpg\" class=\"attachment-woocommerce_thumbnail size-woocommerce_thumbnail\" alt=\"Fotoparodos atspaudai \u201eDuetai\u201c\" srcset=\"https:\/\/olitaorany.lt\/krautuve\/wp-content\/uploads\/2021\/04\/P5-400x267.jpg 400w, https:\/\/olitaorany.lt\/krautuve\/wp-content\/uploads\/2021\/04\/P5-300x200.jpg 300w, https:\/\/olitaorany.lt\/krautuve\/wp-content\/uploads\/2021\/04\/P5-768x513.jpg 768w, https:\/\/olitaorany.lt\/krautuve\/wp-content\/uploads\/2021\/04\/P5-500x334.jpg 500w, https:\/\/olitaorany.lt\/krautuve\/wp-content\/uploads\/2021\/04\/P5.jpg 806w\" sizes=\"auto, (max-width: 400px) 100vw, 400px\" \/><\/div>\n\t\t\t\t\t<div class=\"wc-block-grid__product-title\">Fotoparodos atspaudai \u201eDuetai\u201c<\/div>\n\t\t\t\t<\/a>\n\t\t\t\t<div class=\"wc-block-grid__product-price price\"><span class=\"woocommerce-Price-amount amount\">69,00&nbsp;<span class=\"woocommerce-Price-currencySymbol\">&euro;<\/span><\/span><\/div>\n\t\t\t\t\n\t\t\t\t<div class=\"wp-block-button wc-block-grid__product-add-to-cart\"><a href=\"https:\/\/olitaorany.lt\/krautuve\/preke\/duetai\/\" aria-label=\"Pasirinkti savybes: &ldquo;Fotoparodos atspaudai \u201eDuetai\u201c&rdquo;\" data-quantity=\"1\" data-product_id=\"291\" data-product_sku=\"\" data-price=\"69\" rel=\"nofollow\" class=\"wp-block-button__link  add_to_cart_button\">Pasirinkti savybes<\/a><\/div>\n\t\t\t<\/li><li class=\"wc-block-grid__product\">\n\t\t\t\t<a href=\"https:\/\/olitaorany.lt\/krautuve\/preke\/2-tiltai-ir-tunelis\/\" class=\"wc-block-grid__product-link\">\n\t\t\t\t\t\n\t\t\t\t\t<div class=\"wc-block-grid__product-image\"><img loading=\"lazy\" decoding=\"async\" width=\"400\" height=\"266\" src=\"https:\/\/olitaorany.lt\/krautuve\/wp-content\/uploads\/2021\/04\/Kaniuku-1-400x266.jpg\" class=\"attachment-woocommerce_thumbnail size-woocommerce_thumbnail\" alt=\"\u017dygis septyniems &quot;Du tiltai ir tunelis&quot;\" srcset=\"https:\/\/olitaorany.lt\/krautuve\/wp-content\/uploads\/2021\/04\/Kaniuku-1-400x266.jpg 400w, https:\/\/olitaorany.lt\/krautuve\/wp-content\/uploads\/2021\/04\/Kaniuku-1-300x200.jpg 300w, https:\/\/olitaorany.lt\/krautuve\/wp-content\/uploads\/2021\/04\/Kaniuku-1-1024x682.jpg 1024w, https:\/\/olitaorany.lt\/krautuve\/wp-content\/uploads\/2021\/04\/Kaniuku-1-768x512.jpg 768w, https:\/\/olitaorany.lt\/krautuve\/wp-content\/uploads\/2021\/04\/Kaniuku-1-1536x1023.jpg 1536w, https:\/\/olitaorany.lt\/krautuve\/wp-content\/uploads\/2021\/04\/Kaniuku-1-500x333.jpg 500w, https:\/\/olitaorany.lt\/krautuve\/wp-content\/uploads\/2021\/04\/Kaniuku-1.jpg 1638w\" sizes=\"auto, (max-width: 400px) 100vw, 400px\" \/><\/div>\n\t\t\t\t\t<div class=\"wc-block-grid__product-title\">\u017dygis septyniems &#8222;Du tiltai ir tunelis&#8221;<\/div>\n\t\t\t\t<\/a>\n\t\t\t\t<div class=\"wc-block-grid__product-price price\"><span class=\"woocommerce-Price-amount amount\">49,00&nbsp;<span class=\"woocommerce-Price-currencySymbol\">&euro;<\/span><\/span><\/div>\n\t\t\t\t\n\t\t\t\t<div class=\"wp-block-button wc-block-grid__product-add-to-cart\"><a href=\"\/krautuve\/wp-json\/wp\/v2\/pages\/39?add-to-cart=272\" aria-label=\"Add to cart: &ldquo;\u017dygis septyniems &quot;Du tiltai ir tunelis&quot;&rdquo;\" data-quantity=\"1\" data-product_id=\"272\" data-product_sku=\"\" data-price=\"49\" rel=\"nofollow\" class=\"wp-block-button__link  add_to_cart_button ajax_add_to_cart\">\u012e krep\u0161el\u012f<\/a><\/div>\n\t\t\t<\/li><li class=\"wc-block-grid__product\">\n\t\t\t\t<a href=\"https:\/\/olitaorany.lt\/krautuve\/preke\/tilto-istorija-plius\/\" class=\"wc-block-grid__product-link\">\n\t\t\t\t\t\n\t\t\t\t\t<div class=\"wc-block-grid__product-image\"><img loading=\"lazy\" decoding=\"async\" width=\"400\" height=\"266\" src=\"https:\/\/olitaorany.lt\/krautuve\/wp-content\/uploads\/2021\/04\/P4-400x266.jpg\" class=\"attachment-woocommerce_thumbnail size-woocommerce_thumbnail\" alt=\"\u017dygis penkiems \u201eNe vien tilto istorija\u201c\" srcset=\"https:\/\/olitaorany.lt\/krautuve\/wp-content\/uploads\/2021\/04\/P4-400x266.jpg 400w, https:\/\/olitaorany.lt\/krautuve\/wp-content\/uploads\/2021\/04\/P4-500x333.jpg 500w, https:\/\/olitaorany.lt\/krautuve\/wp-content\/uploads\/2021\/04\/P4-300x200.jpg 300w, https:\/\/olitaorany.lt\/krautuve\/wp-content\/uploads\/2021\/04\/P4.jpg 742w\" sizes=\"auto, (max-width: 400px) 100vw, 400px\" \/><\/div>\n\t\t\t\t\t<div class=\"wc-block-grid__product-title\">\u017dygis penkiems \u201eNe vien tilto istorija\u201c<\/div>\n\t\t\t\t<\/a>\n\t\t\t\t<div class=\"wc-block-grid__product-price price\"><span class=\"woocommerce-Price-amount amount\">39,00&nbsp;<span class=\"woocommerce-Price-currencySymbol\">&euro;<\/span><\/span><\/div>\n\t\t\t\t\n\t\t\t\t<div class=\"wp-block-button wc-block-grid__product-add-to-cart\"><a href=\"\/krautuve\/wp-json\/wp\/v2\/pages\/39?add-to-cart=239\" aria-label=\"Add to cart: &ldquo;\u017dygis penkiems \u201eNe vien tilto istorija\u201c&rdquo;\" data-quantity=\"1\" data-product_id=\"239\" data-product_sku=\"\" data-price=\"39\" rel=\"nofollow\" class=\"wp-block-button__link  add_to_cart_button ajax_add_to_cart\">\u012e krep\u0161el\u012f<\/a><\/div>\n\t\t\t<\/li><\/ul><\/div>","protected":false},"excerpt":{"rendered":"","protected":false},"author":1,"featured_media":0,"parent":0,"menu_order":0,"comment_status":"closed","ping_status":"closed","template":"","meta":{"site-sidebar-layout":"default","site-content-layout":"default","ast-site-content-layout":"default","site-content-style":"default","site-sidebar-style":"default","ast-global-header-display":"","ast-banner-title-visibility":"","ast-main-header-display":"","ast-hfb-above-header-display":"","ast-hfb-below-header-display":"","ast-hfb-mobile-header-display":"","site-post-title":"disabled","ast-breadcrumbs-content":"","ast-featured-img":"","footer-sml-layout":"","theme-transparent-header-meta":"default","adv-header-id-meta":"","stick-header-meta":"","header-above-stick-meta":"","header-main-stick-meta":"","header-below-stick-meta":"","astra-migrate-meta-layouts":"set","ast-page-background-enabled":"default","ast-page-background-meta":{"desktop":{"background-color":"var(--ast-global-color-4)","background-image":"","background-repeat":"repeat","background-position":"center center","background-size":"auto","background-attachment":"scroll","background-type":"","background-media":"","overlay-type":"","overlay-color":"","overlay-opacity":"","overlay-gradient":""},"tablet":{"background-color":"","background-image":"","background-repeat":"repeat","background-position":"center center","background-size":"auto","background-attachment":"scroll","background-type":"","background-media":"","overlay-type":"","overlay-color":"","overlay-opacity":"","overlay-gradient":""},"mobile":{"background-color":"","background-image":"","background-repeat":"repeat","background-position":"center center","background-size":"auto","background-attachment":"scroll","background-type":"","background-media":"","overlay-type":"","overlay-color":"","overlay-opacity":"","overlay-gradient":""}},"ast-content-background-meta":{"desktop":{"background-color":"var(--ast-global-color-5)","background-image":"","background-repeat":"repeat","background-position":"center center","background-size":"auto","background-attachment":"scroll","background-type":"","background-media":"","overlay-type":"","overlay-color":"","overlay-opacity":"","overlay-gradient":""},"tablet":{"background-color":"var(--ast-global-color-5)","background-image":"","background-repeat":"repeat","background-position":"center center","background-size":"auto","background-attachment":"scroll","background-type":"","background-media":"","overlay-type":"","overlay-color":"","overlay-opacity":"","overlay-gradient":""},"mobile":{"background-color":"var(--ast-global-color-5)","background-image":"","background-repeat":"repeat","background-position":"center center","background-size":"auto","background-attachment":"scroll","background-type":"","background-media":"","overlay-type":"","overlay-color":"","overlay-opacity":"","overlay-gradient":""}},"wp_social_preview_title":"Olita_Orany istorijos krautuv\u0117","wp_social_preview_description":"","wp_social_preview_image":445,"footnotes":""},"class_list":["post-39","page","type-page","status-publish","hentry"],"_links":{"self":[{"href":"https:\/\/olitaorany.lt\/krautuve\/wp-json\/wp\/v2\/pages\/39","targetHints":{"allow":["GET"]}}],"collection":[{"href":"https:\/\/olitaorany.lt\/krautuve\/wp-json\/wp\/v2\/pages"}],"about":[{"href":"https:\/\/olitaorany.lt\/krautuve\/wp-json\/wp\/v2\/types\/page"}],"author":[{"embeddable":true,"href":"https:\/\/olitaorany.lt\/krautuve\/wp-json\/wp\/v2\/users\/1"}],"replies":[{"embeddable":true,"href":"https:\/\/olitaorany.lt\/krautuve\/wp-json\/wp\/v2\/comments?post=39"}],"version-history":[{"count":11,"href":"https:\/\/olitaorany.lt\/krautuve\/wp-json\/wp\/v2\/pages\/39\/revisions"}],"predecessor-version":[{"id":734,"href":"https:\/\/olitaorany.lt\/krautuve\/wp-json\/wp\/v2\/pages\/39\/revisions\/734"}],"wp:attachment":[{"href":"https:\/\/olitaorany.lt\/krautuve\/wp-json\/wp\/v2\/media?parent=39"}],"curies":[{"name":"wp","href":"https:\/\/api.w.org\/{rel}","templated":true}]}}