{"id":3,"date":"2021-04-01T12:01:17","date_gmt":"2021-04-01T09:01:17","guid":{"rendered":"https:\/\/olitaorany.lt\/krautuve\/?page_id=3"},"modified":"2024-12-17T13:31:13","modified_gmt":"2024-12-17T11:31:13","slug":"taisykles","status":"publish","type":"page","link":"https:\/\/olitaorany.lt\/krautuve\/taisykles\/","title":{"rendered":"taisykl\u0117s"},"content":{"rendered":"<p><b>Atsiskaitymo b\u016bdai<\/b><br \/>Apmok\u0117jimas per elektronin\u0119 bankininkyst\u0119 \u012f asociacijos &#8222;Olita-Orany&#8221; s\u0105skait\u0105.<\/p>\n<p><b>Preki\u0173 pristatymo b\u016bdai ir terminai<\/b><br \/>Prekes siun\u010diame kurjeriu pagal siunt\u0173 Omniva \u012fkainius arba jas galite atsiimti nemokamai Alytuje, taip pat \u201eOlita-Orany\u201c \u017eygi\u0173 metu. Pristatymo \u012f Kur\u0161i\u0173 nerij\u0105 kaina papildomai kainuoja 32 \u20ac, d\u0117l tokio pristatymo kreipkit\u0117s tiesiogiai.<br \/>Perkant u\u017e daugiau kaip 50 \u20ac prekes Lietuvoje, i\u0161skyrus Kur\u0161i\u0173 nerij\u0105, gausite nemokamai.<br \/>Serijin\u0117s prek\u0117s paprastai pristatomos per 1-5 darbo dienas po apmok\u0117jimo. Siuntinys saugomas pa\u0161tomate 7 dienas<br \/><a href=\"https:\/\/olitaorany.lt\/krautuve\/product-category\/interjerui\/\">Prekes interjerui<\/a>, kuomet u\u017esakymas individualus, prad\u0117sime gaminti susitar\u0119 su Jumis d\u0117l pristatymo termino, o gamybos ir pristatymo terminus patikslinsime.\u00a0 Reikia tur\u0117ti omenyje, kad gamyba ir pristatymas gali u\u017etrukti ne ma\u017eiau 7 dien\u0173.<\/p>\n<p><b>Preki\u0173 gr\u0105\u017einimas<\/b><br \/>Prekes, galima gr\u0105\u017einti per 14 dien\u0173 nuo j\u0173 gavimo, Lietuvos Respublikos \u012fstatym\u0173 nustatyta tvarka. Su preki\u0173 gr\u0105\u017einimu susijusias i\u0161laidas sumoka pirk\u0117jas.<br \/>Gr\u0105\u017einamos prek\u0117s turi b\u016bti:<br \/>\u2022 nepraradusios prekin\u0117s i\u0161vaizdos;<br \/>\u2022 nesugadintos;<br \/>\u2022 nepanaudotos.<br \/>Prek\u0117s negali b\u016bti gr\u0105\u017einamos, jeigu jos buvo sugadintos netinkamai naudojant. <b>Prek\u0117s, pagamintos pagal inidividual\u0173 u\u017esakym\u0105, negali b\u016bti gr\u0105\u017einamos.<\/b><br \/>Pretenzijos d\u0117l dingusios arba apgadintos siuntos turi b\u016bti rei\u0161kiamos siunt\u0173 tarnybai Lietuvos Respublikos pa\u0161to \u012fstatymo numatyta tvarka.<br \/>Prie\u0161 gr\u0105\u017einant prekes, b\u016btina gauti preki\u0173 gr\u0105\u017einimo patvirtinim\u0105.<br \/>Pinigus u\u017e gr\u0105\u017eintas prekes, jeigu jos atitinka auk\u0161\u010diau i\u0161vardintus reikalavimus, pervesime \u012f nurodyt\u0105 banko s\u0105skait\u0105 ne v\u0117liau kaip per 5 darbo dienas nuo preki\u0173 sugr\u0105\u017einimo.<\/p>\n\n\n<div style=\"height:41px\" aria-hidden=\"true\" class=\"wp-block-spacer\"><\/div>\n\n\n\n<p><\/p>\n","protected":false},"excerpt":{"rendered":"<p>Atsiskaitymo b\u016bdaiApmok\u0117jimas per elektronin\u0119 bankininkyst\u0119 \u012f asociacijos &#8222;Olita-Orany&#8221; s\u0105skait\u0105. Preki\u0173 pristatymo b\u016bdai ir terminaiPrekes siun\u010diame kurjeriu pagal siunt\u0173 Omniva \u012fkainius arba jas galite atsiimti nemokamai Alytuje, taip pat \u201eOlita-Orany\u201c \u017eygi\u0173 metu. Pristatymo \u012f Kur\u0161i\u0173 nerij\u0105 kaina papildomai kainuoja 32 \u20ac, d\u0117l tokio pristatymo kreipkit\u0117s tiesiogiai.Perkant u\u017e daugiau kaip 50 \u20ac prekes Lietuvoje, i\u0161skyrus Kur\u0161i\u0173 nerij\u0105, [&hellip;]<\/p>\n","protected":false},"author":1,"featured_media":0,"parent":0,"menu_order":0,"comment_status":"closed","ping_status":"closed","template":"","meta":{"site-sidebar-layout":"default","site-content-layout":"default","ast-site-content-layout":"default","site-content-style":"default","site-sidebar-style":"default","ast-global-header-display":"","ast-banner-title-visibility":"","ast-main-header-display":"","ast-hfb-above-header-display":"","ast-hfb-below-header-display":"","ast-hfb-mobile-header-display":"","site-post-title":"disabled","ast-breadcrumbs-content":"","ast-featured-img":"","footer-sml-layout":"","theme-transparent-header-meta":"default","adv-header-id-meta":"","stick-header-meta":"","header-above-stick-meta":"","header-main-stick-meta":"","header-below-stick-meta":"","astra-migrate-meta-layouts":"set","ast-page-background-enabled":"default","ast-page-background-meta":{"desktop":{"background-color":"var(--ast-global-color-4)","background-image":"","background-repeat":"repeat","background-position":"center center","background-size":"auto","background-attachment":"scroll","background-type":"","background-media":"","overlay-type":"","overlay-color":"","overlay-opacity":"","overlay-gradient":""},"tablet":{"background-color":"","background-image":"","background-repeat":"repeat","background-position":"center center","background-size":"auto","background-attachment":"scroll","background-type":"","background-media":"","overlay-type":"","overlay-color":"","overlay-opacity":"","overlay-gradient":""},"mobile":{"background-color":"","background-image":"","background-repeat":"repeat","background-position":"center center","background-size":"auto","background-attachment":"scroll","background-type":"","background-media":"","overlay-type":"","overlay-color":"","overlay-opacity":"","overlay-gradient":""}},"ast-content-background-meta":{"desktop":{"background-color":"var(--ast-global-color-5)","background-image":"","background-repeat":"repeat","background-position":"center center","background-size":"auto","background-attachment":"scroll","background-type":"","background-media":"","overlay-type":"","overlay-color":"","overlay-opacity":"","overlay-gradient":""},"tablet":{"background-color":"var(--ast-global-color-5)","background-image":"","background-repeat":"repeat","background-position":"center center","background-size":"auto","background-attachment":"scroll","background-type":"","background-media":"","overlay-type":"","overlay-color":"","overlay-opacity":"","overlay-gradient":""},"mobile":{"background-color":"var(--ast-global-color-5)","background-image":"","background-repeat":"repeat","background-position":"center center","background-size":"auto","background-attachment":"scroll","background-type":"","background-media":"","overlay-type":"","overlay-color":"","overlay-opacity":"","overlay-gradient":""}},"wp_social_preview_title":"","wp_social_preview_description":"","wp_social_preview_image":0,"footnotes":""},"class_list":["post-3","page","type-page","status-publish","hentry"],"_links":{"self":[{"href":"https:\/\/olitaorany.lt\/krautuve\/wp-json\/wp\/v2\/pages\/3","targetHints":{"allow":["GET"]}}],"collection":[{"href":"https:\/\/olitaorany.lt\/krautuve\/wp-json\/wp\/v2\/pages"}],"about":[{"href":"https:\/\/olitaorany.lt\/krautuve\/wp-json\/wp\/v2\/types\/page"}],"author":[{"embeddable":true,"href":"https:\/\/olitaorany.lt\/krautuve\/wp-json\/wp\/v2\/users\/1"}],"replies":[{"embeddable":true,"href":"https:\/\/olitaorany.lt\/krautuve\/wp-json\/wp\/v2\/comments?post=3"}],"version-history":[{"count":20,"href":"https:\/\/olitaorany.lt\/krautuve\/wp-json\/wp\/v2\/pages\/3\/revisions"}],"predecessor-version":[{"id":697,"href":"https:\/\/olitaorany.lt\/krautuve\/wp-json\/wp\/v2\/pages\/3\/revisions\/697"}],"wp:attachment":[{"href":"https:\/\/olitaorany.lt\/krautuve\/wp-json\/wp\/v2\/media?parent=3"}],"curies":[{"name":"wp","href":"https:\/\/api.w.org\/{rel}","templated":true}]}}