{"id":181,"date":"2021-04-02T19:02:40","date_gmt":"2021-04-02T16:02:40","guid":{"rendered":"https:\/\/olitaorany.lt\/krautuve\/?page_id=181"},"modified":"2021-04-06T18:37:32","modified_gmt":"2021-04-06T15:37:32","slug":"privatumo-politika","status":"publish","type":"page","link":"https:\/\/olitaorany.lt\/krautuve\/privatumo-politika\/","title":{"rendered":"privatumas"},"content":{"rendered":"\n<p><strong>D\u0117kojame, kad lankot\u0117s m\u016bs\u0173 interneto svetain\u0117je. Mes labai atsakingai \u017ei\u016brime \u012f J\u016bs\u0173 asmens duomen\u0173 apsaug\u0105, tod\u0117l siekiame ne tik teikti Jums prekes bei paslaugas, bet ir u\u017etikrinti J\u016bs\u0173 teises asmens duomen\u0173 tvarkymo lygmenyje. Mes laikom\u0117s Lietuvos Respublikos asmens duomen\u0173 teisin\u0117s apsaugos \u012fstatymo nustatyt\u0173 reikalavim\u0173, kit\u0173 Lietuvos Respublikos teis\u0117s akt\u0173 reglamentuojan\u010di\u0173 \u0161i\u0173 duomen\u0173 tvarkym\u0105 bei apsaug\u0105 tod\u0117l renkame tik tuos duomenis, kurie yra b\u016btini j\u016bs\u0173 u\u017esakymui \u012fvykdyti.<\/strong><\/p>\n\n\n\n<p><strong class=\"privacy-policy-tutorial\"><strong><strong>K\u0105 darome su J\u016bs\u0173 duomenimis?<\/strong><\/strong><\/strong><\/p>\n\n\n\n<p>Tvarkome ir naudojame J\u016bs\u0173 laisva valia pateiktus asmens duomenis, siekdami palaikyti santykius su klientais, reklamos tikslais, taip pat vykdydami u\u017esakym\u0105. Prireikus reikiami duomenys perduodami paslaug\u0173 teik\u0117jui. Ta\u010diau neprekiaujame J\u016bs\u0173 duomenimis ir kitaip neperleid\u017eiame j\u0173 tretiesiems asmenims.<\/p>\n\n\n\n<p><strong class=\"privacy-policy-tutorial\"><strong><strong><strong>Kokiais atvejais renkame, tvarkome ir naudojame J\u016bs\u0173 asmenin\u0119 informacij\u0105?<\/strong><\/strong><\/strong><\/strong><\/p>\n\n\n\n<p>Priklausomai nuo Vartotojo ir\/ar Naudotojo u\u017esakom\u0173 konkre\u010di\u0173 preki\u0173 ar paslaug\u0173 pob\u016bd\u017eio u\u017esakymo vykdymo tikslams yra renkami ir saugomi \u0161ie duomenys: vardas, pavard\u0117, gyvenamoji vieta, pa\u0161to kodas, telefono numeris, elektroninio pa\u0161to adresas, kliento identifikatorius (kur\u012f sistema priskiria klientui). \u0160i\u0173 duomen\u0173 tvarkymo pagrindas \u2013 u\u017esakymas arba preki\u0173 bei paslaug\u0173 rezervavimas.<\/p>\n\n\n\n<p><strong class=\"privacy-policy-tutorial\"><strong>Jei turite daugiau klausim\u0173<\/strong><\/strong><\/p>\n\n\n\n<p>Jei turite daugiau klausim\u0173 d\u0117l J\u016bs\u0173 asmens duomen\u0173 rinkimo, tvarkymo ir naudojimo, pra\u0161ome <a href=\"https:\/\/olitaorany.lt\/krautuve\/kontaktai\/\" data-type=\"page\" data-id=\"134\">kreiptis \u012f praduotuv\u0117s valdytojus<\/a>.<\/p>\n\n\n\n<p><\/p>\n","protected":false},"excerpt":{"rendered":"<p>D\u0117kojame, kad lankot\u0117s m\u016bs\u0173 interneto svetain\u0117je. Mes labai atsakingai \u017ei\u016brime \u012f J\u016bs\u0173 asmens duomen\u0173 apsaug\u0105, tod\u0117l siekiame ne tik teikti Jums prekes bei paslaugas, bet ir u\u017etikrinti J\u016bs\u0173 teises asmens duomen\u0173 tvarkymo lygmenyje. Mes laikom\u0117s Lietuvos Respublikos asmens duomen\u0173 teisin\u0117s apsaugos \u012fstatymo nustatyt\u0173 reikalavim\u0173, kit\u0173 Lietuvos Respublikos teis\u0117s akt\u0173 reglamentuojan\u010di\u0173 \u0161i\u0173 duomen\u0173 tvarkym\u0105 bei apsaug\u0105 [&hellip;]<\/p>\n","protected":false},"author":1,"featured_media":0,"parent":0,"menu_order":0,"comment_status":"closed","ping_status":"closed","template":"","meta":{"site-sidebar-layout":"default","site-content-layout":"default","ast-site-content-layout":"","site-content-style":"default","site-sidebar-style":"default","ast-global-header-display":"","ast-banner-title-visibility":"","ast-main-header-display":"","ast-hfb-above-header-display":"","ast-hfb-below-header-display":"","ast-hfb-mobile-header-display":"","site-post-title":"disabled","ast-breadcrumbs-content":"","ast-featured-img":"","footer-sml-layout":"","theme-transparent-header-meta":"default","adv-header-id-meta":"","stick-header-meta":"","header-above-stick-meta":"","header-main-stick-meta":"","header-below-stick-meta":"","astra-migrate-meta-layouts":"default","ast-page-background-enabled":"default","ast-page-background-meta":{"desktop":{"background-color":"var(--ast-global-color-4)","background-image":"","background-repeat":"repeat","background-position":"center center","background-size":"auto","background-attachment":"scroll","background-type":"","background-media":"","overlay-type":"","overlay-color":"","overlay-opacity":"","overlay-gradient":""},"tablet":{"background-color":"","background-image":"","background-repeat":"repeat","background-position":"center center","background-size":"auto","background-attachment":"scroll","background-type":"","background-media":"","overlay-type":"","overlay-color":"","overlay-opacity":"","overlay-gradient":""},"mobile":{"background-color":"","background-image":"","background-repeat":"repeat","background-position":"center center","background-size":"auto","background-attachment":"scroll","background-type":"","background-media":"","overlay-type":"","overlay-color":"","overlay-opacity":"","overlay-gradient":""}},"ast-content-background-meta":{"desktop":{"background-color":"var(--ast-global-color-5)","background-image":"","background-repeat":"repeat","background-position":"center center","background-size":"auto","background-attachment":"scroll","background-type":"","background-media":"","overlay-type":"","overlay-color":"","overlay-opacity":"","overlay-gradient":""},"tablet":{"background-color":"var(--ast-global-color-5)","background-image":"","background-repeat":"repeat","background-position":"center center","background-size":"auto","background-attachment":"scroll","background-type":"","background-media":"","overlay-type":"","overlay-color":"","overlay-opacity":"","overlay-gradient":""},"mobile":{"background-color":"var(--ast-global-color-5)","background-image":"","background-repeat":"repeat","background-position":"center center","background-size":"auto","background-attachment":"scroll","background-type":"","background-media":"","overlay-type":"","overlay-color":"","overlay-opacity":"","overlay-gradient":""}},"wp_social_preview_title":"","wp_social_preview_description":"","wp_social_preview_image":0,"footnotes":""},"class_list":["post-181","page","type-page","status-publish","hentry"],"_links":{"self":[{"href":"https:\/\/olitaorany.lt\/krautuve\/wp-json\/wp\/v2\/pages\/181","targetHints":{"allow":["GET"]}}],"collection":[{"href":"https:\/\/olitaorany.lt\/krautuve\/wp-json\/wp\/v2\/pages"}],"about":[{"href":"https:\/\/olitaorany.lt\/krautuve\/wp-json\/wp\/v2\/types\/page"}],"author":[{"embeddable":true,"href":"https:\/\/olitaorany.lt\/krautuve\/wp-json\/wp\/v2\/users\/1"}],"replies":[{"embeddable":true,"href":"https:\/\/olitaorany.lt\/krautuve\/wp-json\/wp\/v2\/comments?post=181"}],"version-history":[{"count":10,"href":"https:\/\/olitaorany.lt\/krautuve\/wp-json\/wp\/v2\/pages\/181\/revisions"}],"predecessor-version":[{"id":400,"href":"https:\/\/olitaorany.lt\/krautuve\/wp-json\/wp\/v2\/pages\/181\/revisions\/400"}],"wp:attachment":[{"href":"https:\/\/olitaorany.lt\/krautuve\/wp-json\/wp\/v2\/media?parent=181"}],"curies":[{"name":"wp","href":"https:\/\/api.w.org\/{rel}","templated":true}]}}