{"id":134,"date":"2021-04-02T10:27:44","date_gmt":"2021-04-02T07:27:44","guid":{"rendered":"https:\/\/olitaorany.lt\/krautuve\/?page_id=134"},"modified":"2025-12-01T20:05:56","modified_gmt":"2025-12-01T18:05:56","slug":"kontaktai","status":"publish","type":"page","link":"https:\/\/olitaorany.lt\/krautuve\/kontaktai\/","title":{"rendered":"kontaktai"},"content":{"rendered":"\n<p>Mes &#8211; pa\u017eintini\u0173 \u017eygi\u0173 organizatoriai ir dvira\u010di\u0173 mar\u0161ruto <a href=\"https:\/\/olitaorany.lt\/titulinis.htm\" target=\"_blank\" rel=\"noreferrer noopener\">buvusiu kariniu gele\u017einkeliu Alytus-Var\u0117na<\/a> ir interneto svetain\u0117s www.olitaorany.lt anks\u010diau svetain\u0117 vadinta  www.olitaorany.projektas.lt autoriai. <br>Veikl\u0105 prad\u0117jome 2006 m., o asociacij\u0105 \u012fsteig\u0117me 2010 m.<\/p>\n\n\n\n<div style=\"height:35px\" aria-hidden=\"true\" class=\"wp-block-spacer\"><\/div>\n\n\n\n<div class=\"wp-block-columns is-layout-flex wp-container-core-columns-is-layout-28f84493 wp-block-columns-is-layout-flex\">\n<div class=\"wp-block-column is-layout-flow wp-block-column-is-layout-flow\">\n<figure class=\"wp-block-image aligncenter size-large is-resized is-style-rounded\"><a href=\"https:\/\/olitaorany.lt\/\"><img loading=\"lazy\" decoding=\"async\" width=\"350\" height=\"349\" src=\"https:\/\/olitaorany.lt\/krautuve\/wp-content\/uploads\/2021\/04\/KitoksGelezinkelisLogo.jpg\" alt=\"\" class=\"wp-image-421\" style=\"width:259px;height:257px\" srcset=\"https:\/\/olitaorany.lt\/krautuve\/wp-content\/uploads\/2021\/04\/KitoksGelezinkelisLogo.jpg 350w, https:\/\/olitaorany.lt\/krautuve\/wp-content\/uploads\/2021\/04\/KitoksGelezinkelisLogo-300x300.jpg 300w, https:\/\/olitaorany.lt\/krautuve\/wp-content\/uploads\/2021\/04\/KitoksGelezinkelisLogo-150x150.jpg 150w, https:\/\/olitaorany.lt\/krautuve\/wp-content\/uploads\/2021\/04\/KitoksGelezinkelisLogo-100x100.jpg 100w\" sizes=\"auto, (max-width: 350px) 100vw, 350px\" \/><\/a><\/figure>\n\n\n\n<p class=\"has-text-align-center\"><a href=\"https:\/\/olitaorany.lt\/\">M\u016bs\u0173 interneto svetain\u0117 apie istorin\u012f U\u017enemun\u0117s gele\u017einkel\u012f ir at\u0161ak\u0105 Alytus-Var\u0117na olitaorany.lt<\/a><\/p>\n<\/div>\n\n\n\n<div class=\"wp-block-column is-layout-flow wp-block-column-is-layout-flow\">\n<figure class=\"wp-block-image aligncenter size-large is-resized\"><a href=\"https:\/\/www.facebook.com\/oo.projektas\/\" target=\"_blank\" rel=\"noopener\"><img loading=\"lazy\" decoding=\"async\" width=\"316\" height=\"319\" src=\"https:\/\/olitaorany.lt\/krautuve\/wp-content\/uploads\/2021\/04\/zygiai_logo-ft1.png\" alt=\"\" class=\"wp-image-424\" style=\"width:261px;height:260px\" srcset=\"https:\/\/olitaorany.lt\/krautuve\/wp-content\/uploads\/2021\/04\/zygiai_logo-ft1.png 316w, https:\/\/olitaorany.lt\/krautuve\/wp-content\/uploads\/2021\/04\/zygiai_logo-ft1-297x300.png 297w, https:\/\/olitaorany.lt\/krautuve\/wp-content\/uploads\/2021\/04\/zygiai_logo-ft1-150x150.png 150w, https:\/\/olitaorany.lt\/krautuve\/wp-content\/uploads\/2021\/04\/zygiai_logo-ft1-100x100.png 100w\" sizes=\"auto, (max-width: 316px) 100vw, 316px\" \/><\/a><\/figure>\n\n\n\n<p class=\"has-text-align-center\"><a href=\"https:\/\/www.facebook.com\/oo.projektas\/\">Aktualiausia informacija apie m\u016bs\u0173 rengiamus p\u0117s\u010di\u0173j\u0173 ir dviratinink\u0173 \u017eygius &#8211; m\u016bs\u0173 facebook paskyroje @oo.projektas<\/a><\/p>\n<\/div>\n<\/div>\n\n\n<p>Asociacija \u201cOlita-Orany\u201d<br \/>Kodas &#8211; 302501276<br \/>Adresas &#8211; Lak\u0161tingal\u0173 g. 5, Alytus, LT-62233<br \/>S\u0105skaita &#8211; LT78 3500 0100 0773 9229<br \/>Tel. +370 686 16842<br \/>El. pa\u0161tas &#8211; info(at)olitaorany.lt, oltaorany(at)gmail.com<\/p>\n\n\n<div style=\"height:50px\" aria-hidden=\"true\" class=\"wp-block-spacer\"><\/div>\n\n\n\n<p><\/p>\n","protected":false},"excerpt":{"rendered":"<p>Mes &#8211; pa\u017eintini\u0173 \u017eygi\u0173 organizatoriai ir dvira\u010di\u0173 mar\u0161ruto buvusiu kariniu gele\u017einkeliu Alytus-Var\u0117na ir interneto svetain\u0117s www.olitaorany.lt anks\u010diau svetain\u0117 vadinta www.olitaorany.projektas.lt autoriai. Veikl\u0105 prad\u0117jome 2006 m., o asociacij\u0105 \u012fsteig\u0117me 2010 m. M\u016bs\u0173 interneto svetain\u0117 apie istorin\u012f U\u017enemun\u0117s gele\u017einkel\u012f ir at\u0161ak\u0105 Alytus-Var\u0117na olitaorany.lt Aktualiausia informacija apie m\u016bs\u0173 rengiamus p\u0117s\u010di\u0173j\u0173 ir dviratinink\u0173 \u017eygius &#8211; m\u016bs\u0173 facebook paskyroje @oo.projektas [&hellip;]<\/p>\n","protected":false},"author":1,"featured_media":0,"parent":0,"menu_order":0,"comment_status":"closed","ping_status":"closed","template":"","meta":{"site-sidebar-layout":"default","site-content-layout":"default","ast-site-content-layout":"default","site-content-style":"default","site-sidebar-style":"default","ast-global-header-display":"","ast-banner-title-visibility":"","ast-main-header-display":"","ast-hfb-above-header-display":"","ast-hfb-below-header-display":"","ast-hfb-mobile-header-display":"","site-post-title":"disabled","ast-breadcrumbs-content":"","ast-featured-img":"","footer-sml-layout":"","theme-transparent-header-meta":"default","adv-header-id-meta":"","stick-header-meta":"","header-above-stick-meta":"","header-main-stick-meta":"","header-below-stick-meta":"","astra-migrate-meta-layouts":"set","ast-page-background-enabled":"default","ast-page-background-meta":{"desktop":{"background-color":"var(--ast-global-color-4)","background-image":"","background-repeat":"repeat","background-position":"center center","background-size":"auto","background-attachment":"scroll","background-type":"","background-media":"","overlay-type":"","overlay-color":"","overlay-opacity":"","overlay-gradient":""},"tablet":{"background-color":"","background-image":"","background-repeat":"repeat","background-position":"center center","background-size":"auto","background-attachment":"scroll","background-type":"","background-media":"","overlay-type":"","overlay-color":"","overlay-opacity":"","overlay-gradient":""},"mobile":{"background-color":"","background-image":"","background-repeat":"repeat","background-position":"center center","background-size":"auto","background-attachment":"scroll","background-type":"","background-media":"","overlay-type":"","overlay-color":"","overlay-opacity":"","overlay-gradient":""}},"ast-content-background-meta":{"desktop":{"background-color":"var(--ast-global-color-5)","background-image":"","background-repeat":"repeat","background-position":"center center","background-size":"auto","background-attachment":"scroll","background-type":"","background-media":"","overlay-type":"","overlay-color":"","overlay-opacity":"","overlay-gradient":""},"tablet":{"background-color":"var(--ast-global-color-5)","background-image":"","background-repeat":"repeat","background-position":"center center","background-size":"auto","background-attachment":"scroll","background-type":"","background-media":"","overlay-type":"","overlay-color":"","overlay-opacity":"","overlay-gradient":""},"mobile":{"background-color":"var(--ast-global-color-5)","background-image":"","background-repeat":"repeat","background-position":"center center","background-size":"auto","background-attachment":"scroll","background-type":"","background-media":"","overlay-type":"","overlay-color":"","overlay-opacity":"","overlay-gradient":""}},"wp_social_preview_title":"","wp_social_preview_description":"","wp_social_preview_image":0,"footnotes":""},"class_list":["post-134","page","type-page","status-publish","hentry"],"_links":{"self":[{"href":"https:\/\/olitaorany.lt\/krautuve\/wp-json\/wp\/v2\/pages\/134","targetHints":{"allow":["GET"]}}],"collection":[{"href":"https:\/\/olitaorany.lt\/krautuve\/wp-json\/wp\/v2\/pages"}],"about":[{"href":"https:\/\/olitaorany.lt\/krautuve\/wp-json\/wp\/v2\/types\/page"}],"author":[{"embeddable":true,"href":"https:\/\/olitaorany.lt\/krautuve\/wp-json\/wp\/v2\/users\/1"}],"replies":[{"embeddable":true,"href":"https:\/\/olitaorany.lt\/krautuve\/wp-json\/wp\/v2\/comments?post=134"}],"version-history":[{"count":17,"href":"https:\/\/olitaorany.lt\/krautuve\/wp-json\/wp\/v2\/pages\/134\/revisions"}],"predecessor-version":[{"id":736,"href":"https:\/\/olitaorany.lt\/krautuve\/wp-json\/wp\/v2\/pages\/134\/revisions\/736"}],"wp:attachment":[{"href":"https:\/\/olitaorany.lt\/krautuve\/wp-json\/wp\/v2\/media?parent=134"}],"curies":[{"name":"wp","href":"https:\/\/api.w.org\/{rel}","templated":true}]}}